{"id":49,"date":"2012-09-23T20:20:09","date_gmt":"2012-09-23T18:20:09","guid":{"rendered":"http:\/\/www.almik.com\/nautica\/?page_id=49"},"modified":"2013-04-12T22:37:37","modified_gmt":"2013-04-12T20:37:37","slug":"carta-per","status":"publish","type":"page","link":"https:\/\/www.almik.com\/nautica\/titulo-per\/apuntes-per\/carta-per\/","title":{"rendered":"Navegaci\u00f3n &#8211; Carta na\u00fatica"},"content":{"rendered":"<font size=\"+0.5\"><strong>Conocimientos te\u00f3ricos<\/strong><\/font>\r\nEstas son las f\u00f3rmulas b\u00e1sicas de la navegaci\u00f3n para el PER:\r\n<img loading=\"lazy\" decoding=\"async\" src=\"https:\/\/www.almik.com\/nautica\/wp-content\/uploads\/2012\/09\/cartanavegacion.png\" alt=\"Carta de Navegaci\u00f3n, demora, desv\u00edo, marcaci\u00f3n, rumbo\" title=\"cartanavegacion\" width=\"665\" height=\"666\" class=\"aligncenter size-full wp-image-1062\" srcset=\"https:\/\/www.almik.com\/nautica\/wp-content\/uploads\/2012\/09\/cartanavegacion.png 665w, https:\/\/www.almik.com\/nautica\/wp-content\/uploads\/2012\/09\/cartanavegacion-150x150.png 150w, https:\/\/www.almik.com\/nautica\/wp-content\/uploads\/2012\/09\/cartanavegacion-300x300.png 300w\" sizes=\"auto, (max-width: 665px) 100vw, 665px\" \/>\r\n\r\n\r\n<font size=\"+0.5\"><strong>Ejercicios sobre la carta n\u00e1utica<\/strong><\/font>","protected":false},"excerpt":{"rendered":"<p>Conocimientos te\u00f3ricos Estas son las f\u00f3rmulas b\u00e1sicas de la navegaci\u00f3n para el PER: Ejercicios sobre la carta n\u00e1utica<\/p>\n","protected":false},"author":1,"featured_media":0,"parent":2,"menu_order":4,"comment_status":"open","ping_status":"closed","template":"","meta":{"footnotes":""},"class_list":["post-49","page","type-page","status-publish","hentry"],"_links":{"self":[{"href":"https:\/\/www.almik.com\/nautica\/wp-json\/wp\/v2\/pages\/49","targetHints":{"allow":["GET"]}}],"collection":[{"href":"https:\/\/www.almik.com\/nautica\/wp-json\/wp\/v2\/pages"}],"about":[{"href":"https:\/\/www.almik.com\/nautica\/wp-json\/wp\/v2\/types\/page"}],"author":[{"embeddable":true,"href":"https:\/\/www.almik.com\/nautica\/wp-json\/wp\/v2\/users\/1"}],"replies":[{"embeddable":true,"href":"https:\/\/www.almik.com\/nautica\/wp-json\/wp\/v2\/comments?post=49"}],"version-history":[{"count":8,"href":"https:\/\/www.almik.com\/nautica\/wp-json\/wp\/v2\/pages\/49\/revisions"}],"predecessor-version":[{"id":1063,"href":"https:\/\/www.almik.com\/nautica\/wp-json\/wp\/v2\/pages\/49\/revisions\/1063"}],"up":[{"embeddable":true,"href":"https:\/\/www.almik.com\/nautica\/wp-json\/wp\/v2\/pages\/2"}],"wp:attachment":[{"href":"https:\/\/www.almik.com\/nautica\/wp-json\/wp\/v2\/media?parent=49"}],"curies":[{"name":"wp","href":"https:\/\/api.w.org\/{rel}","templated":true}]}}