{"id":4,"date":"2012-09-09T23:46:15","date_gmt":"2012-09-09T21:46:15","guid":{"rendered":"http:\/\/www.almik.com\/nautica\/?page_id=4"},"modified":"2025-12-12T13:33:22","modified_gmt":"2025-12-12T12:33:22","slug":"titulo-per","status":"publish","type":"page","link":"https:\/\/www.almik.com\/nautica\/","title":{"rendered":"El PER (Patr\u00f3n de Embarcaci\u00f3n de Recreo)"},"content":{"rendered":"\n<p>El Ministerio de Fomento gestiona las titulaciones de recreo y lo <a href=\"https:\/\/www.transportes.gob.es\/marina-mercante\/titulaciones\/titulaciones-de-recreo\/normativa\/normativa-basicasobre-titulos-de-recreo\" target=\"_blank\" rel=\"noreferrer noopener\">publica en su p\u00e1gina web<\/a> (enlace directo al PER <a href=\"https:\/\/www.transportes.gob.es\/marina-mercante\/titulaciones\/titulaciones-de-recreo\/titulos\/patron-de-embarcaciones-recreo\/patron-de-embarcaciones-de-recreo-per\">aqu\u00ed<\/a>) En Octubre de 2014 se public\u00f3 el <a href=\"https:\/\/www.boe.es\/boe\/dias\/2014\/10\/11\/pdfs\/BOE-A-2014-10344.pdf\" target=\"_blank\" rel=\"noopener noreferrer\">Real Decreto 875\/2014<\/a>, del 11 de octubre, por el que se regulan las titulaciones n\u00e1uticas para el gobierno de las <a title=\"Embarcacion de recreo\" href=\"https:\/\/www.almik.com\/nautica\/glossary\/embarcacion-de-recreo\">embarcaciones de recreo<\/a>.<\/p>\n\n\n\n<p>Dicho decreto se complement\u00f3 en Abril de 2019 con el <a href=\"https:\/\/boe.es\/boe\/dias\/2019\/05\/01\/pdfs\/BOE-A-2019-6481.pdf\" target=\"_blank\" rel=\"noreferrer noopener\">Real Decreto 238\/2019, por el que se establecen habilitaciones anejas a las titulaciones n\u00e1uticas para el gobierno de las embarcaciones de recreo y se actualizan las&nbsp; medidas de seguridad en la utilizaci\u00f3n de las motos n\u00e1uticas.<\/a><\/p>\n\n\n\n<p>En esta web nos centramos en la titulaci\u00f3n de Patr\u00f3n de Embarcaciones de Recreo, conocido como PER, pretendemos ofrecer los &#8220;apuntes&#8221; de un estudiante de esta titulaci\u00f3n.<\/p>\n\n\n\n<p>Las atribuciones b\u00e1sicas del Patr\u00f3n de Embarcaciones de Recreo son:<\/p>\n\n\n\n<p>1.\u00ba Gobierno de embarcaciones de recreo a motor de hasta 15 metros de eslora, que faculta para navegar en la zona comprendida entre la costa y una l\u00ednea paralela a la misma, trazada a 12 millas de \u00e9sta.<\/p>\n\n\n\n<p>2.\u00ba Gobierno de embarcaciones de recreo a motor de hasta 15 metros de eslora, que faculta para la navegaci\u00f3n entre islas dentro del archipi\u00e9lago balear y canario.<\/p>\n\n\n\n<p>3.\u00ba Gobierno de motos n\u00e1uticas, dentro de los l\u00edmites espec\u00edficos de navegaci\u00f3n aplicables a \u00e9stas, de acuerdo con sus caracter\u00edsticas t\u00e9cnicas.<\/p>\n\n\n\n<p>Atribuciones complementarias del Patr\u00f3n de embarcaciones de recreo:<\/p>\n\n\n\n<p>1.\u00ba Si se realizan las practicas de navegaci\u00f3n se podr\u00e1n gobernar embarcaciones de recreo a motor de hasta 24 metros de eslora, as\u00ed como navegar entre la Pen\u00ednsula Ib\u00e9rica y las Islas Baleares.<\/p>\n\n\n\n<p>2.\u00ba Si se realizan las pr\u00e1cticas de vela, se podr\u00e1n gobernar embarcaciones de recreo a vela, de hasta 15 metros de eslora o bien hasta 24 metros de eslora si tambi\u00e9n se han realizado las pr\u00e1cticas de navegaci\u00f3n.<\/p>\n","protected":false},"excerpt":{"rendered":"<p>El Ministerio de Fomento gestiona las titulaciones de recreo y lo publica en su p\u00e1gina web (enlace directo al PER aqu\u00ed) En Octubre de 2014 se public\u00f3 el Real Decreto 875\/2014, del 11 de octubre, por el que se regulan las titulaciones n\u00e1uticas para el gobierno de las embarcaciones de&#8230; <a href=\"https:\/\/www.almik.com\/nautica\/\" class=\"readmore\">Read more<span class=\"screen-reader-text\">&#8220;El PER (Patr\u00f3n de Embarcaci\u00f3n de Recreo)&#8221;<\/span><\/a><\/p>\n","protected":false},"author":1,"featured_media":0,"parent":0,"menu_order":0,"comment_status":"open","ping_status":"closed","template":"","meta":{"footnotes":""},"class_list":["post-4","page","type-page","status-publish","hentry"],"_links":{"self":[{"href":"https:\/\/www.almik.com\/nautica\/wp-json\/wp\/v2\/pages\/4","targetHints":{"allow":["GET"]}}],"collection":[{"href":"https:\/\/www.almik.com\/nautica\/wp-json\/wp\/v2\/pages"}],"about":[{"href":"https:\/\/www.almik.com\/nautica\/wp-json\/wp\/v2\/types\/page"}],"author":[{"embeddable":true,"href":"https:\/\/www.almik.com\/nautica\/wp-json\/wp\/v2\/users\/1"}],"replies":[{"embeddable":true,"href":"https:\/\/www.almik.com\/nautica\/wp-json\/wp\/v2\/comments?post=4"}],"version-history":[{"count":59,"href":"https:\/\/www.almik.com\/nautica\/wp-json\/wp\/v2\/pages\/4\/revisions"}],"predecessor-version":[{"id":1548,"href":"https:\/\/www.almik.com\/nautica\/wp-json\/wp\/v2\/pages\/4\/revisions\/1548"}],"wp:attachment":[{"href":"https:\/\/www.almik.com\/nautica\/wp-json\/wp\/v2\/media?parent=4"}],"curies":[{"name":"wp","href":"https:\/\/api.w.org\/{rel}","templated":true}]}}