{"id":23,"date":"2012-09-12T22:18:32","date_gmt":"2012-09-12T20:18:32","guid":{"rendered":"http:\/\/www.almik.com\/nautica\/?page_id=23"},"modified":"2017-08-09T12:36:10","modified_gmt":"2017-08-09T10:36:10","slug":"bibliografia-per","status":"publish","type":"page","link":"https:\/\/www.almik.com\/nautica\/bibliografia-per\/","title":{"rendered":"Bibliograf\u00eda \u00fatil"},"content":{"rendered":"Hay m\u00faltiples y variados libros que se suelen actualizar cuando el temario oficial se modifica\/adapta o evoluciona en funci\u00f3n de nuevas normativas y leyes.<br>\r\nHay una librer\u00eda que si me gustar\u00eda recomendar por su experiencia y dedicaci\u00f3n: <a href=\"http:\/\/www.nauticarobinson.com\" title=\"Libreria Robinson\" target=\"_blank\">http:\/\/www.nauticarobinson.com<\/a>, aqu\u00ed adem\u00e1s, puedes comprar todo lo que necesitas para el examen: Cartas de navegaci\u00f3n (copias a unos 0,20 EUR, precio de 2013), transportadores, etc, &#8230;<br>\r\nRespecto a libros, prefiero no recomendar ninguno, pero si indicar los que considero m\u00e1s ajustados a los temarios oficiales:<br>\r\n\r\n<table style=\"border: 0px solid black;\"><tr style=\"border: 0px solid black;\">\r\n<td style=\"border: 0px solid black;float:right\"><img loading=\"lazy\" decoding=\"async\" src=\"\/nautica\/wp-content\/uploads\/2012\/09\/el-libro-del-per-patron-de-embarcaciones-de-recreo-3-ed.jpg\" alt=\"El Libro del PER\" title=\"El Libro del PER\" width=\"100\" height=\"140\"\/><\/td>\r\n<td  style=\"border: 0px solid black;vertical-align:top\">EL LIBRO DEL PER. PATRON DE EMBARCACIONES DE RECREO (3\u00aa ED)<br>\r\nALFONSO JORDANA, AUTOR-EDITOR<br>\r\nDatos del libro:<br>\r\nUltima edici\u00f3n: <br>\r\nN\u00ba de p\u00e1ginas: 240 p\u00e1gs.<br>\r\nEncuadernaci\u00f3n: Tapa blanda<br>\r\nEditoral: AUTOR-EDITOR<br>\r\nLengua: ESPA\u00d1OL<\/td>\r\n<\/tr><tr style=\"border: 0px solid black;\">\r\n<td style=\"border: 0px solid black;float:right\"><img loading=\"lazy\" decoding=\"async\" src=\"\/nautica\/wp-content\/uploads\/2014\/12\/patronembarcacionderecreo_gobvasco.jpg\" alt=\"\" title=\"patronembarcacionderecreo_gobvasco\" width=\"100\" height=\"140\"\/><\/td>\r\n<td style=\"border: 0px solid black;vertical-align:top\">Per &#8211; patron de embarcaciones de recreo (Itsaso) <br>\r\nRicardo Gaztelu-Iturri Leicea (Autor), Itsaso Iba\u00f1ez (Autor)<br>\r\nDatos del libro: <br>\r\nUltima edici\u00f3n: 2013<br>\r\nN\u00ba de p\u00e1ginas: 364 p\u00e1g.<br>\r\nEncuadernaci\u00f3n: Tapa blanda<br>\r\nEditorial: GOBIERNO VASCO<br>\r\nLengua: ESPA\u00d1OL<\/td>\r\n<\/tr>\r\n<\/table>\r\n\r\n\r\nAdem\u00e1s, hay otras p\u00e1ginas que tambi\u00e9n te pueden servir:<br>\r\n<a href=\"http:\/\/www.nautica.net\" title=\"Nautica\" target=\"_blank\">http:\/\/www.nautica.net<\/a><br>\r\n<a href=\"http:\/\/www.ellibrodelper.com\/www\/libro.pdf\" title=\"Libro del PER\">El libro del PER<\/a>\r\n\r\n","protected":false},"excerpt":{"rendered":"<p>Hay m\u00faltiples y variados libros que se suelen actualizar cuando el temario oficial se modifica\/adapta o evoluciona en funci\u00f3n de nuevas normativas y leyes. Hay una librer\u00eda que si me gustar\u00eda recomendar por su experiencia y dedicaci\u00f3n: http:\/\/www.nauticarobinson.com, aqu\u00ed adem\u00e1s, puedes comprar todo lo que necesitas para el examen: Cartas&#8230; <a href=\"https:\/\/www.almik.com\/nautica\/bibliografia-per\/\" class=\"readmore\">Read more<span class=\"screen-reader-text\">&#8220;Bibliograf\u00eda \u00fatil&#8221;<\/span><\/a><\/p>\n","protected":false},"author":1,"featured_media":0,"parent":0,"menu_order":0,"comment_status":"open","ping_status":"closed","template":"","meta":{"footnotes":""},"class_list":["post-23","page","type-page","status-publish","hentry"],"_links":{"self":[{"href":"https:\/\/www.almik.com\/nautica\/wp-json\/wp\/v2\/pages\/23","targetHints":{"allow":["GET"]}}],"collection":[{"href":"https:\/\/www.almik.com\/nautica\/wp-json\/wp\/v2\/pages"}],"about":[{"href":"https:\/\/www.almik.com\/nautica\/wp-json\/wp\/v2\/types\/page"}],"author":[{"embeddable":true,"href":"https:\/\/www.almik.com\/nautica\/wp-json\/wp\/v2\/users\/1"}],"replies":[{"embeddable":true,"href":"https:\/\/www.almik.com\/nautica\/wp-json\/wp\/v2\/comments?post=23"}],"version-history":[{"count":49,"href":"https:\/\/www.almik.com\/nautica\/wp-json\/wp\/v2\/pages\/23\/revisions"}],"predecessor-version":[{"id":1284,"href":"https:\/\/www.almik.com\/nautica\/wp-json\/wp\/v2\/pages\/23\/revisions\/1284"}],"wp:attachment":[{"href":"https:\/\/www.almik.com\/nautica\/wp-json\/wp\/v2\/media?parent=23"}],"curies":[{"name":"wp","href":"https:\/\/api.w.org\/{rel}","templated":true}]}}