{"id":160,"date":"2012-12-07T00:09:12","date_gmt":"2012-12-06T23:09:12","guid":{"rendered":"http:\/\/www.almik.com\/nautica\/?page_id=160"},"modified":"2017-08-09T09:39:30","modified_gmt":"2017-08-09T07:39:30","slug":"1-tecnologia-naval","status":"publish","type":"page","link":"https:\/\/www.almik.com\/nautica\/titulo-per\/apuntes-per\/1-tecnologia-naval\/","title":{"rendered":"Tecnolog\u00eda naval"},"content":{"rendered":"La Terminolog&iacute;a naval incluye las <a href=\"https:\/\/www.almik.com\/nautica\/titulo-per\/apuntes-per\/1-tecnologia-naval\/glosario-de-terminos\/\" title=\"Glosario de T\u00e9rminos\">denominaciones de todos los t\u00e9rminos na&uacute;ticos<\/a> que se organizan en:\r\n<p>\r\n<font size=\"+0.5\"><strong>Denominaciones del casco. Conceptos de: Proa, popa, babor, estribor, l\u00ednea de flotaci\u00f3n, obra viva y obra muerta, costados, amuras, aletas, cubierta, plan y sentina.<\/strong><\/font>\r\n<\/p><p>\r\n<strong>Denominaciones del casco<\/strong>\r\n<ul>\r\n\t<li><a href=\"https:\/\/www.almik.com\/nautica\/glossary\/proa\/\" title=\"PROA\">Proa<\/a><\/li>\r\n\t<li><a href=\"https:\/\/www.almik.com\/nautica\/glossary\/popa\/\" title=\"POPA\">Popa<\/a><\/li>\r\n\t<li><a href=\"https:\/\/www.almik.com\/nautica\/glossary\/babor\/\" title=\"BABOR\">Babor<\/a><\/li>\r\n\t<li><a href=\"https:\/\/www.almik.com\/nautica\/glossary\/estribor\/\" title=\"ESTRIBOR\">Estribor<\/a><\/li>\r\n\t<li><a href=\"https:\/\/www.almik.com\/nautica\/glossary\/linea-de-flotacion\/\" title=\"L\u00cdNEA DE FLOTACI\u00d3N\">L\u00ednea de flotaci\u00f3n<\/a><\/li>\r\n\t<li><a href=\"https:\/\/www.almik.com\/nautica\/glossary\/obra-viva\/\" title=\"OBRA VIVA\">Obra viva<\/a><\/li>\r\n\t<li><a href=\"https:\/\/www.almik.com\/nautica\/glossary\/obra-muerta\/\" title=\"OBRA MUERTA\">Obra muerta<\/a><\/li>\r\n\t<li><a href=\"https:\/\/www.almik.com\/nautica\/glossary\/amura\/\" title=\"AMURA\">Amura<\/a><\/li>\r\n\t<li><a href=\"https:\/\/www.almik.com\/nautica\/glossary\/aleta\/\" title=\"ALETA\">Aleta<\/a><\/li>\r\n\t<li>Trav\u00e9s<\/li>\r\n<\/ul>\r\n<\/p><p>\r\n<font size=\"+0.5\"><strong>Dimensiones. Conceptos de: Eslora, manga m\u00e1xima, puntal, franco bordo, calado y asiento.Desplazamiento m\u00e1ximo y arqueo.<\/strong><\/font>\r\n<ul>\r\n\t<li><a href=\"https:\/\/www.almik.com\/nautica\/glossary\/eslora\/\" title=\"ESLORA\">Eslora<\/a><\/li>\r\n\t<li><a href=\"https:\/\/www.almik.com\/nautica\/glossary\/eslora-maxima\/\" title=\"ESLORA MAXIMA\">Eslora m\u00e1ximo<\/a><\/li>\r\n\t<li><a href=\"https:\/\/www.almik.com\/nautica\/glossary\/manga-maxima-2\/\" title=\"MANGA M\u00c1XIMA\">Manga m\u00e1xima<\/a><\/li>\r\n\t<li><a href=\"https:\/\/www.almik.com\/nautica\/glossary\/puntal\/\" title=\"PUNTAL\">Puntal<\/a><\/li>\r\n\t<li><a href=\"https:\/\/www.almik.com\/nautica\/glossary\/francobordo-2\/\" title=\"FRANCOBORDO\">Francobordo<\/a><\/li>\r\n\t<li><a href=\"https:\/\/www.almik.com\/nautica\/glossary\/calado\/\" title=\"CALADO\">Calado<\/a><\/li>\r\n\t<li><a href=\"https:\/\/www.almik.com\/nautica\/glossary\/asiento\/\" title=\"ASIENTO\">Asiento<\/a><\/li>\r\n\t<li><a href=\"https:\/\/www.almik.com\/nautica\/glossary\/desplazamiento\/\" title=\"DESPLAZAMIENTO\">Desplazamiento m\u00e1ximo<\/a><\/li>\r\n\t<li><a href=\"https:\/\/www.almik.com\/nautica\/glossary\/arqueo\/\" title=\"ARQUEO\">Arqueo<\/a><\/li>\r\n\t<li><a href=\"https:\/\/www.almik.com\/nautica\/glossary\/tonelaje-de-arqueo\/\" title=\"TONELAJE DE ARQUEO\">Tonelaje de registro bruto<\/a> (TRB)<\/li>\r\n\t<li><a href=\"https:\/\/www.almik.com\/nautica\/glossary\/tonelaje-de-registro-bruto-trb\/\" title=\"TONELAJE DE REGISTRO BRUTO (TRB)\">Tonelaje de Registro Bruto (TRB)<\/a><\/li>\r\n\r\n<\/ul>\r\n\r\n<\/p><p>\r\n\r\n<font size=\"+0.5\"><strong>Estructura: Casco, quilla, roda, codaste, cuadernas, baos, borda, regala, mamparos.<\/strong><\/font>\r\n<ul>\r\n\t<li><a href=\"https:\/\/www.almik.com\/nautica\/glossary\/casco\/\" title=\"CASCO\">Casco<\/a><\/li>\r\n\t<li><a href=\"https:\/\/www.almik.com\/nautica\/glossary\/quilla\/\" title=\"QUILLA\">Quilla<\/a><\/li>\r\n\t<li><a href=\"https:\/\/www.almik.com\/nautica\/glossary\/roda\/\" title=\"RODA\">Roda<\/a><\/li>\r\n\t<li><a href=\"https:\/\/www.almik.com\/nautica\/glossary\/codaste\/\" title=\"CODASTE\">Codaste<\/a><\/li>\r\n\t<li><a href=\"https:\/\/www.almik.com\/nautica\/glossary\/cuaderna\/\" title=\"CUADERNA\">Cuadernas<\/a><\/li>\r\n\t<li><a href=\"https:\/\/www.almik.com\/nautica\/glossary\/bao\/\" title=\"BAO\">Baos<\/a><\/li>\r\n\t<li><a href=\"https:\/\/www.almik.com\/nautica\/glossary\/costado\/\" title=\"COSTADO\">Costados<\/a><\/li>\r\n\t<li><a href=\"https:\/\/www.almik.com\/nautica\/glossary\/borda\/\" title=\"BORDA\">Borda<\/a> o <a href=\"https:\/\/www.almik.com\/nautica\/glossary\/regala\/\" title=\"REGALA\">regala<\/a><\/li>\r\n\t<li><a href=\"https:\/\/www.almik.com\/nautica\/glossary\/mamparos\/\" title=\"MAMPAROS\">Mamparos<\/a><\/li>\r\n\t<li><a href=\"https:\/\/www.almik.com\/nautica\/glossary\/cubierta\/\" title=\"CUBIERTA\">Cubierta<\/a><\/li>\r\n\t<li><a href=\"https:\/\/www.almik.com\/nautica\/glossary\/plan\/\" title=\"PLAN\">Plan<\/a><\/li>\r\n\t<li><a href=\"https:\/\/www.almik.com\/nautica\/glossary\/sentina\/\" title=\"SENTINA\">Sentina<\/a><\/li>\r\n<\/ul>\r\n<\/p><p>\r\n<font size=\"+0.5\"><strong>Concepto de estanqueidad. Breve descripci\u00f3n e importancia del mantenimiento del casco y de los accesorios de estanqueidad: Ba\u00f1era, imbornales, desag\u00fces, orificios y grifos de fondo, escape del motor,<\/strong><\/font><br>\r\nLa estanqueidad es una cualidad esencial de una embarcaci\u00f3n ya que asegura que el agua no pase el interior del barco.\r\n<ul>\r\n\t<li><a href=\"https:\/\/www.almik.com\/nautica\/glossary\/banera\/\" title=\"BA\u00d1ERA\" >Ba\u00f1era<\/a><\/li>\r\n\t<li><a href=\"https:\/\/www.almik.com\/nautica\/glossary\/imbornal\/\" title=\"IMBORNAL\">Imbornales<\/a><\/li>\r\n\t<li><a href=\"https:\/\/www.almik.com\/nautica\/glossary\/grifos-de-fondo\/\" title=\"GRIFOS DE FONDO\">Grifos de fondo<\/a><\/li>\r\n\t<li>Escape del motor: Debe estar por encima de la superficie del agua y se ha de vigilar la estanqueidad del paso del tubo de escape a trav\u00e9s del casco.<\/li>\r\n\t<li><a href=\"https:\/\/www.almik.com\/nautica\/glossary\/bocina\/\" title=\"BOCINA\">Bocina<\/a><\/li>\r\n\t<li><a href=\"https:\/\/www.almik.com\/nautica\/glossary\/limera\/\" title=\"LIMERA\">Limera<\/a><\/li>\r\n\t<li><a href=\"https:\/\/www.almik.com\/nautica\/glossary\/portillos\/\" title=\"PORTILLOS\">Portillos<\/a><\/li>\r\n\t<li><a href=\"https:\/\/www.almik.com\/nautica\/glossary\/escotillas\/\" title=\"ESCOTILLAS\">Escotilla<\/a><\/li>\r\n\t<li><a href=\"https:\/\/www.almik.com\/nautica\/glossary\/tambucho\/\" title=\"TAMBUCHO\">Tambucho<\/a><\/li>\r\n\t<li><a href=\"https:\/\/www.almik.com\/nautica\/glossary\/lumbrera\/\" title=\"LUMBRERA\">Lumbrera<\/a><\/li>\r\n<\/ul>\r\n<\/p><p>\r\n<font size=\"+0.5\"><strong>Accesorios: Pasamanos, cornamusas y bitas. Anclas de arado y Danforth. Molinete: Barboten, embrague y freno. Tim\u00f3n: Ordinario y compensado. H\u00e9lices: Paso y retroceso, di\u00e1metro. Cavitaci\u00f3n.<\/strong><\/font>\r\n<ul>\r\n\t<li><a href=\"https:\/\/www.almik.com\/nautica\/glossary\/cornamusa\/\" title=\"CORNAMUSA\">Cornamusas<\/a><\/li>\r\n\t<li><a href=\"https:\/\/www.almik.com\/nautica\/glossary\/bitas\/\" title=\"BITAS\">Bitas<\/a><\/li>\r\n\t<li><a href=\"https:\/\/www.almik.com\/nautica\/glossary\/ancla\/\" title=\"ANCLA\">Anclas de arado<\/a><\/li>\r\n\t<li>Ancla Danforth: Tiene una barra debajo de la cruz y unos largos brazos<\/li>\r\n\t<li><a href=\"https:\/\/www.almik.com\/nautica\/glossary\/molinete\/\" title=\"MOLINETE\">Molinete<\/a><\/li>\r\n\t<li><a href=\"https:\/\/www.almik.com\/nautica\/glossary\/barboten\/\" title=\"BARBOTEN\">Barboten<\/a><\/li>\r\n\t<li><a href=\"https:\/\/www.almik.com\/nautica\/glossary\/timon-ordinario\/\" title=\"TIM\u00d3N ORDINARIO\">Tim\u00f3n Ordinario<\/a><\/li>\r\n\t<li><a href=\"https:\/\/www.almik.com\/nautica\/glossary\/timon-compensado\/\" title=\"TIM\u00d3N COMPENSADO\">Tim\u00f3n Compensado<\/a><\/li>\r\n\t<li><a href=\"https:\/\/www.almik.com\/nautica\/glossary\/mecha\/\" title=\"MECHA\">Mecha<\/a><\/li>\r\n\t<li><a href=\"https:\/\/www.almik.com\/nautica\/glossary\/helice\/\" title=\"H\u00c9LICE\">H\u00e9lices<\/a>: <a href=\"https:\/\/www.almik.com\/nautica\/glossary\/paso-de-una-helice\/\" title=\"PASO DE UNA H\u00c9LICE\">Paso<\/a> y retroceso, di\u00e1metro<\/li>\r\n\t<li><a href=\"https:\/\/www.almik.com\/nautica\/glossary\/cavitacion\/\" title=\"CAVITACION\">Cavitaci\u00f3n<\/a><\/li>\r\n<\/ul>\r\n<\/p><p>\r\n<font size=\"+0.5\"><strong>Elementos de amarre: Chicote, seno, gaza, boza y firme. Noray, muertos, boyas, defensas, bichero. Cabos de fibra artificial: Aplicaci\u00f3n de cada tipo.<\/strong><\/font>\r\n<ul>\r\n\t<li><a href=\"https:\/\/www.almik.com\/nautica\/glossary\/chicote\/\" title=\"CHICOTE\">Chicote<\/a><\/li>\r\n\t<li><a href=\"https:\/\/www.almik.com\/nautica\/glossary\/seno\/\" title=\"SENO\">Seno<\/a><\/li>\r\n\t<li><a href=\"https:\/\/www.almik.com\/nautica\/glossary\/gaza\/\" title=\"GAZA\">Gaza<\/a><\/li>\r\n\t<li><a href=\"https:\/\/www.almik.com\/nautica\/glossary\/boza\/\" title=\"BOZA\">Boza<\/a><\/li>\r\n\t<li><a href=\"https:\/\/www.almik.com\/nautica\/glossary\/firme\/\" title=\"FIRME\">Firme<\/a><\/li>\r\n\t<li><a href=\"https:\/\/www.almik.com\/nautica\/glossary\/noray\/\" title=\"NORAY\">Noray<\/a><\/li>\r\n\t<li><a href=\"https:\/\/www.almik.com\/nautica\/glossary\/muertos\/\" title=\"MUERTOS\">Muertos<\/a><\/li>\r\n\t<li><a href=\"https:\/\/www.almik.com\/nautica\/glossary\/boya\/\" title=\"BOYA\">Boya<\/a><\/li>\r\n\t<li><a href=\"https:\/\/www.almik.com\/nautica\/glossary\/defensas\/\" title=\"DEFENSAS\">Defensas<\/a><\/li>\r\n\t<li><a href=\"https:\/\/www.almik.com\/nautica\/glossary\/bichero\/\" title=\"BICHERO\">Bichero<\/a><\/li>\r\n<\/ul>\r\n<\/p><p>\r\n<strong>Cabos de fibra artificial: Aplicaci\u00f3n de cada tipo<\/strong><br>\r\nLas fibras sint\u00e9ticas las podemos clasificar en: .\r\n<ul>\r\n\t<li>Poliamidas: Se comercializa con el nombre de Nylon. Los cabos confeccionados con esta fibra son muy el\u00e1sticos (sobre el 48 %) lo que hace que sean ideales para fondeos, amarres, remolques, etc; son muy resistentes; son suaves y flexibles, aunque con el roce se hacen \u00e1speros; son poco resistentes a la abrasi\u00f3n producida por el roce.\r\nSu fortaleza disminuye con los a\u00f1os; son resistentes a los rayos ultravioleta, pesan poco, flotan, no resisten elevadas temperaturas.<\/li>\r\n\t<li>Poliesteres: Se comercializa con el nombre de Terg\u00e1l, Dacr\u00f3n, Terylene, Trevira, etc. La resistencia y elasticidad de los cabos fabricados con esta fibra es algo inferior a la de los cabos de Poliamidas, pero de peso superior, por metro, a los mismos.\r\nSe someten al preestirado cuando se destinan a maniobras que requieran una m\u00ednima elasticidad pero gran resistencia (como las drizas); para ello se exponen a una determinada temperatura y a una fuerte tensi\u00f3n mientras son humedecidos; cuando se enfr\u00edan, pr\u00e1cticamente, han perdido toda su elasticidad. Mantiene muy bien su flexibilidad cuando est\u00e1 mojada. Es la \u00fanica fibra que conserva sus caracter\u00edsticas en cualquier ambiente o circunstancia (fr\u00edo, calor, agua, etc). Resistente al roce, calor y rayos ultravioletas. Tacto suave y flexible.<\/li>\r\n\t<li>Polipropilenos: Resistencia elevada, pero menos que las Poliamidas. Es la fibra m\u00e1s ligera de todas, flota. Su elasticidad es intermedia entre las Poliamidas y los Poli\u00e9steres; muy econ\u00f3mica. Le afectan los rayos ultravioletas, pero es muy adecuado para amarras (siempre que sean de color negro, que es el menos afectado por el sol). Esta fibra se obtiene mediante un proceso de fusi\u00f3n seguido de otro de estiramiento.<\/li>\r\n\t<li>Polietileno: Se comercializa con el nombre de Riflex. Es una fibra muy poco resistente (la que menos). Le afectan las fuertes temperaturas, muy barata, flota.<\/li>\r\n\t<li>Aramidas: Son las fibras m\u00e1s modernas. Se comercializa con el nombre de Kevlar, Mylar, Spectra, etc. Es la fibra m\u00e1s resistente de las empleadas para cabos y su elasticidad es pr\u00e1cticamente nula. Son muy caras. La afectan mucho los rayos ultravioletas, por lo cual se usan como alma para otros cabos, o se forra con otra fibra el cabo formado con ella. Se utiliza para drizas y escotas debido a su gran resistencia al estiramiento; en cambio, es muy fr\u00e1gil cuando trabaja en puntos en los cuales sufre cambios bruscos de direcci\u00f3n.\r\nEl kevlar es una fibra, de color amarillento, que se utiliza tambi\u00e9n en la fabricaci\u00f3n de velas, cascos y chalecos antibala.\r\nEl spectra, de color azul, tiene mayor resistencia al estiramiento que las fibras de klevar.\r\nLa fibra de algod\u00f3n se utiliza, hoy en d\u00eda, para recubrimiento de otras fibras artificiales al objeto de proporcionarlas un tacto mas suave.<\/li>\r\n<\/ul>\r\n\r\nLos cabos deben estar siempre adujados, limpios, separados del \u00f3xido y del aceite, as\u00ed como protegidos de las inclemencias del tiempo.\r\nCuando los usemos, evitaremos la abrasi\u00f3n, el excesivo desgaste, hacer costuras, el recalentamiento, los dobleces y las cocas.\r\nLos chicotes de los cabos deben estar asegurados con un remate, para evitar que se deshilachen; generalmente, los remates de los cabos de fibras naturales se hacen mediante ligaduras (falcaceado) con hilo de vela.\r\nLos cabos sint\u00e9ticos se rematan quemando las puntas.\r\n\r\n<\/p><p>\r\n\r\n<font size=\"+0.5\"><strong>Terminolog\u00eda: Escorar y adrizar. Barlovento y sotavento. Cobrar, templar, lascar, arriar y largar.<\/strong><\/font>\r\n<ul>\r\n\t<li><a href=\"https:\/\/www.almik.com\/nautica\/glossary\/escorar\/\" title=\"ESCORAR\">Escorar<\/a><\/li>\r\n\t<li><a href=\"https:\/\/www.almik.com\/nautica\/glossary\/adrizar\/\" title=\"ADRIZAR\">Adrizar<\/a><\/li>\r\n\t<li><a href=\"https:\/\/www.almik.com\/nautica\/glossary\/barlovento\/\" title=\"BARLOVENTO\">Barlovento<\/a><\/li>\r\n\t<li><a href=\"https:\/\/www.almik.com\/nautica\/glossary\/sotavento\/\" title=\"SOTAVENTO\">Sotavento<\/a><\/li>\r\n\t<li><a href=\"https:\/\/www.almik.com\/nautica\/glossary\/cobrar\/\" title=\"COBRAR\">Cobrar<\/a><\/li>\r\n\t<li>Templar<\/li>\r\n\t<li><a href=\"https:\/\/www.almik.com\/nautica\/glossary\/lascar\/\" title=\"LASCAR\">Lascar<\/a><\/li>\r\n\t<li><a href=\"https:\/\/www.almik.com\/nautica\/glossary\/arriar\/\" title=\"ARRIAR\">Arriar<\/a><\/li>\r\n\t<li><a href=\"https:\/\/www.almik.com\/nautica\/glossary\/largar\/\" title=\"LARGAR\">Largar<\/a><\/li>\r\n<\/ul>\r\n<\/p>\r\n","protected":false},"excerpt":{"rendered":"<p>La Terminolog&iacute;a naval incluye las denominaciones de todos los t\u00e9rminos na&uacute;ticos que se organizan en: Denominaciones del casco. Conceptos de: Proa, popa, babor, estribor, l\u00ednea de flotaci\u00f3n, obra viva y obra muerta, costados, amuras, aletas, cubierta, plan y sentina. Denominaciones del casco Proa Popa Babor Estribor L\u00ednea de flotaci\u00f3n Obra&#8230; <a href=\"https:\/\/www.almik.com\/nautica\/titulo-per\/apuntes-per\/1-tecnologia-naval\/\" class=\"readmore\">Read more<span class=\"screen-reader-text\">&#8220;Tecnolog\u00eda naval&#8221;<\/span><\/a><\/p>\n","protected":false},"author":1,"featured_media":0,"parent":2,"menu_order":1,"comment_status":"open","ping_status":"open","template":"","meta":{"footnotes":""},"class_list":["post-160","page","type-page","status-publish","hentry"],"_links":{"self":[{"href":"https:\/\/www.almik.com\/nautica\/wp-json\/wp\/v2\/pages\/160","targetHints":{"allow":["GET"]}}],"collection":[{"href":"https:\/\/www.almik.com\/nautica\/wp-json\/wp\/v2\/pages"}],"about":[{"href":"https:\/\/www.almik.com\/nautica\/wp-json\/wp\/v2\/types\/page"}],"author":[{"embeddable":true,"href":"https:\/\/www.almik.com\/nautica\/wp-json\/wp\/v2\/users\/1"}],"replies":[{"embeddable":true,"href":"https:\/\/www.almik.com\/nautica\/wp-json\/wp\/v2\/comments?post=160"}],"version-history":[{"count":30,"href":"https:\/\/www.almik.com\/nautica\/wp-json\/wp\/v2\/pages\/160\/revisions"}],"predecessor-version":[{"id":1033,"href":"https:\/\/www.almik.com\/nautica\/wp-json\/wp\/v2\/pages\/160\/revisions\/1033"}],"up":[{"embeddable":true,"href":"https:\/\/www.almik.com\/nautica\/wp-json\/wp\/v2\/pages\/2"}],"wp:attachment":[{"href":"https:\/\/www.almik.com\/nautica\/wp-json\/wp\/v2\/media?parent=160"}],"curies":[{"name":"wp","href":"https:\/\/api.w.org\/{rel}","templated":true}]}}