{"id":1488,"date":"2024-03-31T13:39:04","date_gmt":"2024-03-31T11:39:04","guid":{"rendered":"https:\/\/www.almik.com\/nautica\/?page_id=1488"},"modified":"2024-03-31T13:44:30","modified_gmt":"2024-03-31T11:44:30","slug":"balizamiento-tests","status":"publish","type":"page","link":"https:\/\/www.almik.com\/nautica\/el-examen\/tests-reales\/balizamiento-tests\/","title":{"rendered":"Balizamiento (Tests)"},"content":{"rendered":"\n<div id=\"watu_quiz\" class=\"quiz-area \">\n<form action=\"\" method=\"post\" class=\"quiz-form \" id=\"quiz-11\" >\n<div class='watu-question' id='question-1'><div class='question-content'><p><span class='watu_num'>1. <\/span>Las Marcas de Peligro Aislado, si tienen luz, esta ser\u00e1:<\/p>\n<\/div><input type='hidden' name='question_id[]' value='17463' \/><div class='watu-questions-wrap '><input type='hidden' name='answer_ids[]' class='watu-answer-ids' value='65283' \/><div class='watu-question-choice'><input type='radio' name='answer-17463[]' id='answer-id-65283' class='answer answer-1 js-answer-label answerof-17463' value='65283' \/>&nbsp;<label for='answer-id-65283' id='answer-label-65283' class='js-answer-label answer label-1'><span class='answer'>Roja y continua.<\/span><\/label><\/div>\n<input type='hidden' name='answer_ids[]' class='watu-answer-ids' value='65284' \/><div class='watu-question-choice'><input type='radio' name='answer-17463[]' id='answer-id-65284' class='answer answer-1 php-answer-label answerof-17463' value='65284' \/>&nbsp;<label for='answer-id-65284' id='answer-label-65284' class='php-answer-label answer label-1'><span class='answer'>Blanca y destellos en grupo de dos.<\/span><\/label><\/div>\n<input type='hidden' name='answer_ids[]' class='watu-answer-ids' value='65285' \/><div class='watu-question-choice'><input type='radio' name='answer-17463[]' id='answer-id-65285' class='answer answer-1 js-answer-label answerof-17463' value='65285' \/>&nbsp;<label for='answer-id-65285' id='answer-label-65285' class='js-answer-label answer label-1'><span class='answer'>Amarilla y ritmo centelleante r\u00e1pido.<\/span><\/label><\/div>\n<input type='hidden' name='answer_ids[]' class='watu-answer-ids' value='65286' \/><div class='watu-question-choice'><input type='radio' name='answer-17463[]' id='answer-id-65286' class='answer answer-1 js-answer-label answerof-17463' value='65286' \/>&nbsp;<label for='answer-id-65286' id='answer-label-65286' class='js-answer-label answer label-1'><span class='answer'>Verde con un destello largo cada diez segundos.<\/span><\/label><\/div>\n<\/div><input type='hidden' id='questionType1' value='radio' class=''><\/div><div class='watu-question' id='question-2'><div class='question-content'><p><span class='watu_num'>2. <\/span>En el punto de bifurcaci\u00f3n de un canal, siguiendo el sentido convencional de balizamiento, el canal principal a estribor se indicar\u00e1 mediante una Marca Lateral modificada cuya boya ser\u00e1:<\/p>\n<\/div><input type='hidden' name='question_id[]' value='17462' \/><div class='watu-questions-wrap '><input type='hidden' name='answer_ids[]' class='watu-answer-ids' value='65279' \/><div class='watu-question-choice'><input type='radio' name='answer-17462[]' id='answer-id-65279' class='answer answer-2 js-answer-label answerof-17462' value='65279' \/>&nbsp;<label for='answer-id-65279' id='answer-label-65279' class='js-answer-label answer label-2'><span class='answer'>De forma c\u00f3nica de color rojo con una banda ancha horizontal verde.<\/span><\/label><\/div>\n<input type='hidden' name='answer_ids[]' class='watu-answer-ids' value='65280' \/><div class='watu-question-choice'><input type='radio' name='answer-17462[]' id='answer-id-65280' class='answer answer-2 js-answer-label answerof-17462' value='65280' \/>&nbsp;<label for='answer-id-65280' id='answer-label-65280' class='js-answer-label answer label-2'><span class='answer'>De forma c\u00f3nica de color verde con una banda ancha horizontal roja.<\/span><\/label><\/div>\n<input type='hidden' name='answer_ids[]' class='watu-answer-ids' value='65281' \/><div class='watu-question-choice'><input type='radio' name='answer-17462[]' id='answer-id-65281' class='answer answer-2 php-answer-label answerof-17462' value='65281' \/>&nbsp;<label for='answer-id-65281' id='answer-label-65281' class='php-answer-label answer label-2'><span class='answer'>De forma cil\u00edndrica de color rojo con una banda ancha horizontal verde.<\/span><\/label><\/div>\n<input type='hidden' name='answer_ids[]' class='watu-answer-ids' value='65282' \/><div class='watu-question-choice'><input type='radio' name='answer-17462[]' id='answer-id-65282' class='answer answer-2 js-answer-label answerof-17462' value='65282' \/>&nbsp;<label for='answer-id-65282' id='answer-label-65282' class='js-answer-label answer label-2'><span class='answer'>De forma cil\u00edndrica de color verde con una banda ancha horizontal roja.<\/span><\/label><\/div>\n<\/div><input type='hidden' id='questionType2' value='radio' class=''><\/div><div class='watu-question' id='question-3'><div class='question-content'><p><span class='watu_num'>3. <\/span>Arribando a la zona de la Isla de Ons, observamos una Marca de balizamiento con una marca de tope conformada por dos conos negros superpuestos opuestos por sus v\u00e9rtices, \u00bfqu\u00e9 informaci\u00f3n nos est\u00e1 dando dicha Marca?<\/p>\n<\/div><input type='hidden' name='question_id[]' value='17461' \/><div class='watu-questions-wrap '><input type='hidden' name='answer_ids[]' class='watu-answer-ids' value='65291' \/><div class='watu-question-choice'><input type='radio' name='answer-17461[]' id='answer-id-65291' class='answer answer-3 js-answer-label answerof-17461' value='65291' \/>&nbsp;<label for='answer-id-65291' id='answer-label-65291' class='js-answer-label answer label-3'><span class='answer'>Que para salvar un peligro debemos navegar por el cuadrante Norte de la Marca.<\/span><\/label><\/div>\n<input type='hidden' name='answer_ids[]' class='watu-answer-ids' value='65292' \/><div class='watu-question-choice'><input type='radio' name='answer-17461[]' id='answer-id-65292' class='answer answer-3 js-answer-label answerof-17461' value='65292' \/>&nbsp;<label for='answer-id-65292' id='answer-label-65292' class='js-answer-label answer label-3'><span class='answer'>Que las aguas m\u00e1s profundas en esa zona se encuentran en el cuadrante Este.<\/span><\/label><\/div>\n<input type='hidden' name='answer_ids[]' class='watu-answer-ids' value='65293' \/><div class='watu-question-choice'><input type='radio' name='answer-17461[]' id='answer-id-65293' class='answer answer-3 js-answer-label answerof-17461' value='65293' \/>&nbsp;<label for='answer-id-65293' id='answer-label-65293' class='js-answer-label answer label-3'><span class='answer'>Que hay una confluencia en el cuadrante Sur.<\/span><\/label><\/div>\n<input type='hidden' name='answer_ids[]' class='watu-answer-ids' value='65294' \/><div class='watu-question-choice'><input type='radio' name='answer-17461[]' id='answer-id-65294' class='answer answer-3 php-answer-label answerof-17461' value='65294' \/>&nbsp;<label for='answer-id-65294' id='answer-label-65294' class='php-answer-label answer label-3'><span class='answer'>Que para salvar un peligro debemos navegar por el cuadrante Oeste de la Marca.<\/span><\/label><\/div>\n<\/div><input type='hidden' id='questionType3' value='radio' class=''><\/div><div class='watu-question' id='question-4'><div class='question-content'><p><span class='watu_num'>4. <\/span>Las Marcas de Aguas Navegables:\t<\/p>\n<\/div><input type='hidden' name='question_id[]' value='17460' \/><div class='watu-questions-wrap '><input type='hidden' name='answer_ids[]' class='watu-answer-ids' value='65271' \/><div class='watu-question-choice'><input type='radio' name='answer-17460[]' id='answer-id-65271' class='answer answer-4 js-answer-label answerof-17460' value='65271' \/>&nbsp;<label for='answer-id-65271' id='answer-label-65271' class='js-answer-label answer label-4'><span class='answer'>Ser\u00e1n siempre de color blanco y su luz (si tiene) tendr\u00e1 un ritmo de ocultaciones, un destello largo cada 10 segundos.<\/span><\/label><\/div>\n<input type='hidden' name='answer_ids[]' class='watu-answer-ids' value='65272' \/><div class='watu-question-choice'><input type='radio' name='answer-17460[]' id='answer-id-65272' class='answer answer-4 js-answer-label answerof-17460' value='65272' \/>&nbsp;<label for='answer-id-65272' id='answer-label-65272' class='js-answer-label answer label-4'><span class='answer'>Consistir\u00e1n en franjas horizontales negras sobre blanco y su luz (si tiene) ser\u00e1 de color amarillo.<\/span><\/label><\/div>\n<input type='hidden' name='answer_ids[]' class='watu-answer-ids' value='65273' \/><div class='watu-question-choice'><input type='radio' name='answer-17460[]' id='answer-id-65273' class='answer answer-4 js-answer-label answerof-17460' value='65273' \/>&nbsp;<label for='answer-id-65273' id='answer-label-65273' class='js-answer-label answer label-4'><span class='answer'>Ser\u00e1n de color negro con una o varias anchas bandas diagonales rojas y su luz (si tiene) tendr\u00e1 un ritmo de grupos de dos destellos GpD (2).<\/span><\/label><\/div>\n<input type='hidden' name='answer_ids[]' class='watu-answer-ids' value='65274' \/><div class='watu-question-choice'><input type='radio' name='answer-17460[]' id='answer-id-65274' class='answer answer-4 php-answer-label answerof-17460' value='65274' \/>&nbsp;<label for='answer-id-65274' id='answer-label-65274' class='php-answer-label answer label-4'><span class='answer'>Ser\u00e1n siempre de color rojo y blanco en franjas verticales y su luz (si tiene) ser\u00e1 de color blanco.<\/span><\/label><\/div>\n<\/div><input type='hidden' id='questionType4' value='radio' class=''><\/div><div class='watu-question' id='question-5'><div class='question-content'><p><span class='watu_num'>5. <\/span>En relaci\u00f3n con las Marcas Especiales, indique la afirmaci\u00f3n CORRECTA.<\/p>\n<\/div><input type='hidden' name='question_id[]' value='17464' \/><div class='watu-questions-wrap '><input type='hidden' name='answer_ids[]' class='watu-answer-ids' value='65287' \/><div class='watu-question-choice'><input type='radio' name='answer-17464[]' id='answer-id-65287' class='answer answer-5 php-answer-label answerof-17464' value='65287' \/>&nbsp;<label for='answer-id-65287' id='answer-label-65287' class='php-answer-label answer label-5'><span class='answer'>Su presencia conlleva para el navegante la necesidad de consultar la carta y las publicaciones n\u00e1uticas porque indican una zona o configuraci\u00f3n particular cuya naturaleza se indica en ellas.<\/span><\/label><\/div>\n<input type='hidden' name='answer_ids[]' class='watu-answer-ids' value='65288' \/><div class='watu-question-choice'><input type='radio' name='answer-17464[]' id='answer-id-65288' class='answer answer-5 js-answer-label answerof-17464' value='65288' \/>&nbsp;<label for='answer-id-65288' id='answer-label-65288' class='js-answer-label answer label-5'><span class='answer'>Tienen como objetivo principal se\u00f1alar canales u obstrucciones e indicar zonas o configuraciones particulares de car\u00e1cter especial.<\/span><\/label><\/div>\n<input type='hidden' name='answer_ids[]' class='watu-answer-ids' value='65289' \/><div class='watu-question-choice'><input type='radio' name='answer-17464[]' id='answer-id-65289' class='answer answer-5 js-answer-label answerof-17464' value='65289' \/>&nbsp;<label for='answer-id-65289' id='answer-label-65289' class='js-answer-label answer label-5'><span class='answer'>Se utilizan para llamar la atenci\u00f3n sobre una configuraci\u00f3n especial de un canal, tal como un recodo una confluencia, una bifurcaci\u00f3n o el extremo de un bajo fondo.<\/span><\/label><\/div>\n<input type='hidden' name='answer_ids[]' class='watu-answer-ids' value='65290' \/><div class='watu-question-choice'><input type='radio' name='answer-17464[]' id='answer-id-65290' class='answer answer-5 js-answer-label answerof-17464' value='65290' \/>&nbsp;<label for='answer-id-65290' id='answer-label-65290' class='js-answer-label answer label-5'><span class='answer'>Su uso principal es indicar el sentido convencional del balizamiento, que debe indicarse en los documentos n\u00e1uticos apropiados, en zonas con una configuraci\u00f3n especial.<\/span><\/label><\/div>\n<\/div><input type='hidden' id='questionType5' value='radio' class=''><\/div><div style='display:none' id='question-6'><br \/><div class='question-content'><img loading=\"lazy\" decoding=\"async\" src=\"https:\/\/www.almik.com\/nautica\/wp-content\/plugins\/watu\/loading.gif\" width=\"16\" height=\"16\" alt=\"Cargando ...\" title=\"Cargando ...\" \/>&nbsp;Cargando &#8230;<\/div><\/div><br \/>\n<input type=\"button\" id=\"show-answer\" value=\"Mostrar la respuesta\"  \/><br \/>\n<input type=\"button\" name=\"action\" onclick=\"Watu.submitResult()\" id=\"action-button\" value=\"Enviar\"  class=\"watu-submit-button\" \/>\n<input type=\"hidden\" name=\"no_ajax\" value=\"0\"><input type=\"hidden\" name=\"quiz_id\" value=\"11\" \/>\n<input type=\"hidden\" id=\"watuStartTime\" name=\"start_time\" value=\"2026-04-20 13:11:29\" \/>\n<\/form>\n<\/div>\n<div id=\"watu-loading-result\" style=\"display:none;\">\n\t<p align=\"center\"><img loading=\"lazy\" decoding=\"async\" src=\"https:\/\/www.almik.com\/nautica\/wp-content\/plugins\/watu\/loading.gif\" width=\"16\" height=\"16\" alt=\"Cargando\" title=\"Cargando\" \/><\/p>\n<\/div>\t\n<script type=\"text\/javascript\">\nvar exam_id=0;\nvar question_ids='';\nvar watuURL='';\njQuery(function($){\nquestion_ids = \"17463,17462,17461,17460,17464\";\nexam_id = 11;\nWatu.exam_id = exam_id;\nWatu.qArr = question_ids.split(',');\nWatu.post_id = 1488;\nWatu.singlePage = '0';\nWatu.hAppID = \"0.82728000 1776683489\";\nwatuURL = \"https:\/\/www.almik.com\/nautica\/wp-admin\/admin-ajax.php\";\nWatu.noAlertUnanswered = 0;\n});\n<\/script>\n","protected":false},"excerpt":{"rendered":"","protected":false},"author":1,"featured_media":0,"parent":202,"menu_order":0,"comment_status":"closed","ping_status":"closed","template":"","meta":{"footnotes":""},"class_list":["post-1488","page","type-page","status-publish","hentry"],"_links":{"self":[{"href":"https:\/\/www.almik.com\/nautica\/wp-json\/wp\/v2\/pages\/1488","targetHints":{"allow":["GET"]}}],"collection":[{"href":"https:\/\/www.almik.com\/nautica\/wp-json\/wp\/v2\/pages"}],"about":[{"href":"https:\/\/www.almik.com\/nautica\/wp-json\/wp\/v2\/types\/page"}],"author":[{"embeddable":true,"href":"https:\/\/www.almik.com\/nautica\/wp-json\/wp\/v2\/users\/1"}],"replies":[{"embeddable":true,"href":"https:\/\/www.almik.com\/nautica\/wp-json\/wp\/v2\/comments?post=1488"}],"version-history":[{"count":1,"href":"https:\/\/www.almik.com\/nautica\/wp-json\/wp\/v2\/pages\/1488\/revisions"}],"predecessor-version":[{"id":1490,"href":"https:\/\/www.almik.com\/nautica\/wp-json\/wp\/v2\/pages\/1488\/revisions\/1490"}],"up":[{"embeddable":true,"href":"https:\/\/www.almik.com\/nautica\/wp-json\/wp\/v2\/pages\/202"}],"wp:attachment":[{"href":"https:\/\/www.almik.com\/nautica\/wp-json\/wp\/v2\/media?parent=1488"}],"curies":[{"name":"wp","href":"https:\/\/api.w.org\/{rel}","templated":true}]}}