{"id":14,"date":"2012-09-12T21:59:23","date_gmt":"2012-09-12T19:59:23","guid":{"rendered":"http:\/\/www.almik.com\/nautica\/?page_id=14"},"modified":"2022-11-03T22:19:12","modified_gmt":"2022-11-03T21:19:12","slug":"preparacionexamen-per","status":"publish","type":"page","link":"https:\/\/www.almik.com\/nautica\/el-examen\/preparacionexamen-per\/","title":{"rendered":"Preparaci\u00f3n del examen"},"content":{"rendered":"\n<p>Para prepararte el examen, puedes hacerlo t\u00fa solo, si tienes una base &#8220;matem\u00e1tica\/f\u00edsica&#8221; para entender los ejercicios de carta, el resto es estudiar. Ayuda mucho si has navegado con alguien que te haya explicado y has visto como atracar, como engancharse a una boya, como manejar las velas, etc, &#8230;<\/p>\n\n\n\n<p>Otra opci\u00f3n es ir a una academia, que te orientar\u00e1n mejor hacia c\u00f3mo aprobar y te explicar\u00e1n conceptos, que si no los has vivido o no te lo explican, cuesta entenderlos. Academ\u00edas, hay muchas, parto de la base de que todas las homolgadas son profesionales, con conocimiento exhaustivo y actualizado del temario y con los medios m\u00ednimos necesarios para impartir clases. No nos atrevemos a recomendar ninguna en particular simplemente por que hay muchas y en todas las ciudades medio-grandes en las comunidades de Espa\u00f1a.<\/p>\n\n\n\n<p>S\u00f3lo pueden dar clases de preparaci\u00f3n para el examen te\u00f3rico aquellas escuelas que cumplan los requisitos exigidos por la legislaci\u00f3n vigente (Orden FOM\/3200\/2007) y as\u00ed lo hayan notificado a la Direcci\u00f3n General de la Marina Mercante, o en aqu\u00e9llas homologadas por las Comunidades Aut\u00f3noma<\/p>\n\n\n\n<p>La DGMM (Direcci\u00f3n General de la Marina Mercante) publica las academias oficiales y cada comunidad publica su listado de academias na\u00faticas oficiales:<\/p>\n\n\n\n<ul class=\"wp-block-list\"><li>DGMM. Ordenadas alfab\u00e9ticamente:\n<ul>\n<li>ABORDO &#8211; Escuela de Navegaci\u00f3n Calle Eladio Salinero de los Santos, 5. 06011 BADAJOZ. Tel\u00e9fono: 677 859 922.<\/li>\n<li>AL TRAV\u00c9S &#8211; Escuela N\u00e1utica. Pedro Muguruza, 6. 28036 MADRID. Tel\u00e9fono: 91 703 05 54.<\/li>\n<li>ALTA MAR &#8211; Escuela N\u00e1utica. Avda. de Juan Pablo II, 2, 1\u00ba izq.- 28224 Pozuelo de Alarc\u00f3n MADRID. Tel\u00e9fono: 619 208 697. email: info@escuela-altamar.com<\/li>\n<li>ARGOS. Victoria Ocampo, 2, bajo. 50018 ZARAGOZA.<\/li>\n<li>AVANTE\n<ul>\n<li>AVANTE Madrid. Calle Colombia, n\u00ba 4, primera planta. 28016 MADRID. Tel\u00e9fono: 91 344 07 29. e-mail: madrid@avantecursos.com<\/li>\n<li>AVANTE Valencia. Calle del Cronista Carreres, 9, primera planta, puerta I. 46003 VALENCIA. Tel\u00e9fono: 96 394 28 90. e-mail: valencia@avantecursos.com<\/li>\n<li>AVANTE Alicante. Tel\u00e9fono: 699 766 645. e-mail: alicante@avantecursos.com<\/li>\n<li>AVANTE Castell\u00f3n. Calle Lagasca, 2, planta baja (dentro de la Academia Ados). 12003 Castell\u00f3n. Tel\u00e9fono: 96 394 40 97. e-mail: castellon@avantecursos.com<\/li>\n<\/ul>\n<\/li>\n<li>CEANVECHART calle Los Monteros, 17 28034 MADRID. Tel\u00e9fono: 91 372 09 91. M\u00f3vil: 659 446 525<\/li>\n<li>CEN\u00c1UTICA\n<ul>\n<li>Cen\u00e1utica Madrid: C\/Men\u00e9ndez Pidal, 19. 28036 MADRID. Tel\u00e9fono: 902 102 809. email: info@cenautica.com<\/li>\n<li>Cen\u00e1utica Extremadura: Andex Formaci\u00f3n. Plaza de los Alf\u00e9reces, 5 entreplanta. 06005 BADAJOZ. Tel\u00e9fono: 902 102 809. email: info@cenautica.com<\/li>\n<\/ul>\n<\/li>\n<li>ELCANO &#8211; Escuela N\u00e1utica. Calle Raimundo Lulio, 2. 28010 MADRID. Tel\u00e9fono: 91 448 58 49. email: elcano@cenelcano.com<\/li>\n<li>ESCUELA N\u00c1UTICA LUIS MORENO. Calle Juan Bravo, 66 \u2013 Entresuelo. 28006 MADRID Tel\u00e9fono: 91 401 40 20. email: info@escuelanauticaluismoreno.com<\/li>\n<li>GREENWICH N\u00c1UTICA. Calle Marqu\u00e9s de Lerma 7, local 6. 28003 MADRID. Tel\u00e9fono: 91 456 02 74. email: simon.mellorclark@greenwichnautica.es<\/li>\n<li>N\u00c1UTICA BALUMA. Calle Colombia, 43 Bajo. 28016 MADRID. Tel\u00e9fono y fax 91 350 98 91. email: escuela@nauticabaluma.com<\/li>\n<li>NAUTIMAR. Calle Princesa, 10. 28008 MADRID. Tel\u00e9fonos: 91 548 21 10 y 91 548 30 38. e-mail: nautimar@nautimar.net<\/li>\n<li>NAUTIMEC. Calle Monte Esquinza 24, bajo 28010 MADRID. Tel\u00e9fonos: 91 444 11 80 y 637 757 413. email: nautimec@gmail.com<\/li>\n<li>NAUTIVEL CENTRO DE ESTUDIOS N\u00c1UTICOS. Calle Coraz\u00f3n de Mar\u00eda, 72, piso 1\u00ba, oficina B. Tel\u00e9fono: 91 415 26 79. e-mail: info@nautivel.com<\/li>\n<li>REAL LIGA NAVAL ESPA\u00d1OLA. Calle Mayor 16. 28013 MADRID. Tel\u00e9fono: 91 366 44 94. email: info@realliganaval.com<\/li>\n<li>Centro de estudios n\u00e1uticos TAGOMAGO SRL. Calle Puerto de los Leones, 2, planta 2, oficina 3. 28220 Majadahonda (MADRID). Tel\u00e9fono 91 639 21 07. email: luis.garrido@centagomago.com<\/li>\n<\/ul>\n<\/li><li>Generalitat de Catalunya: Gestionado por Departament d&#8217;Agricultura, Ramaderia, Pesca, Alimentaci\u00f3 i Medi Natural Direcci\u00f3 General de Pesca i Afers Mar\u00edtims\n<ul>\n<li>Barcelona\n<ul>\n<li>ROCROI BCN Vilanova i la Geltr\u00fa 08800 Vilanova i la Geltr\u00fa Vela lleugera, pirag\u00fcisme, moton\u00e0utica i esqu\u00ed nautic<\/li>\n<li>CLUB DEL NAVEGANTE, SL C\/Balmes, 322 Pral. 1a 08006 Barcelona Creuer<\/li>\n<li>ESCAPE FUN, S.L. Sant Andreu de Llavaneres 08392 Sant Andreu de Llavaneres Moton\u00e0utica<\/li>\n<li>ESCOLA DE MOTON\u00c0UTICA TOTFUN DE VILANOVA Platja de Ribes Roges s\/n de Vilanova 08800 Vilanova i la Geltr\u00fa Moton\u00e0utica<\/li>\n<li>ESCOLA N\u00c0UTICA BOX220 Atl\u00e0ntida 78\/82 08003 Barcelona Vela lleugera<\/li>\n<li>ESCOLA NAUTICA SANTA SUSANNA Base Nautica. Platja de les Dunes s\/n 08398 Santa Susanna Esqu\u00ed N\u00e0utic<\/li>\n<li>ESCOLA DE VELA ZERO Vilanova i la Geltr\u00fa (Platja d&#8217;Adarr\u00f3) 08800 Vilanova i la Geltr\u00fa Vela lleugera<\/li>\n<li>ESCOLA DE WINDSURF OCATA VENT C\/Sant Bru, 34 08320 El Masnou Vela lleugera<\/li>\n<li>ESCOLA ESPORTIVA NAUTICA MUNICIPAL Platja de Llevant, s\/n Zona M25-47 i M25-48 08397 Pineda de Mar Vela lleugera<\/li>\n<li>ESCOLA GARB\u00cd Club N\u00e0utic Castelldefells, Passeig Mar\u00edtim 271-275 08860 Castelldefells Vela lleugera<\/li>\n<li>ESCOLA MUNICIPAL VELA BADALONA Port Esportiu Pesquer Badalona-Moll de Rivera- edifici Marina Seca<br>08912 Badalona Vela lleugera<\/li>\n<li>ESCOLA N\u00c0UTICA FORUM WATESPORTS Parc del Forum Barcelona Esqu\u00ed N\u00e0utic<\/li>\n<li>ESCOLA DE VELA SANTA SUSANNA Base Nautica. Platja de les Dunes s\/n 08398 Santa Susanna Vela lleugera<\/li>\n<li>ESCUELA DEPORTIVA CALELLA Casa de campo La Rasa 08397 Pineda de Mar Vela lleugera<\/li>\n<li>JET CENTER SITGES Port d&#8217;Aiguadol\u00e7 08870 Sitges Moton\u00e0utica<\/li>\n<li>JET SKI COMPANY &amp; CO Cam\u00ed del Roig, 9 08389 Palafolls Moton\u00e0utica i Esqu\u00ed N\u00e0utic<\/li>\n<li>MOTO PARADISE Port de Garraf 08871 Sitges, Garraf Moton\u00e0utica<\/li>\n<li>NAITSEIL VELEAR Ancora 33, nau 14 08800 Vilanova i la Geltr\u00fa Creuer<\/li>\n<li>NAUTICA ROSMAN Port Ginesta, local 701-702-718 08860 Castelldefells Moton\u00e0utica<\/li>\n<li>NOOTKA Vilanova i la Geltr\u00fa 08800 Vilanova i la Geltr\u00fa Pirag\u00fcisme<\/li>\n<li>SPORTS EVASI\u00d3N, SL C\/Jovara, 153 08370 Calella Vela lleugera , creuer i esqu\u00ed nautic<\/li>\n<li>VANASWINDSURF Avinguda Litoral, 86-96. Complex Esportiu Municipal de la Mar Bella<br>08005 Barcelona Vela lleugera<\/li>\n<li>VANASWINDSURF Av. Rivera Sant Pere, 1-9 platja de Castelldefels 08860 Castelldefells Vela lleugera<\/li>\n<\/ul>\n<\/li>\n<\/ul>\n<ul>\n<li>Gerona\n<ul>\n<li>A DOS VELES, CENTRE DE WINDSURF I KAIAK Llan\u00e7\u00e0, 11 17489 El Port de la Selva Vela lleugera<\/li>\n<li>BOATS MEDITERRANI SL Av. de la Platja 41, Sta. Margarita 17480 Roses Moton\u00e0utica<\/li>\n<li>CELISPORT SA Avda. Canyelles 25 17310 Lloret de Mar Vela lleugera, moton\u00e0utica i Esqu\u00ed N\u00e0utic<\/li>\n<li>CENTRE D&#8217;ESPORTS N\u00c0UTICS FENALS Lloret de Mar (platja de Fenals) 17310 Lloret de mar Esqu\u00ed N\u00e0utic<\/li>\n<li>CLUB DE VELA PALAM\u00d3S Club N\u00e0utic, s\/n 17230 Palam\u00f3s Vela lleugera<\/li>\n<li>CLUB N\u00c0UTIC PORT DE LA SELVA Lloia s\/n 17489 El Port de la Selva Vela lleugera i Pirag\u00fcisme<\/li>\n<li>CLUB VELA CALELLA Noi Gran 3 17210-Calella de Palafrugell Vela lleugera<\/li>\n<li>ENRIC NUBIOLA ARMANGUE Ferran Soldevila, 2 17300 Blanes Moton\u00e0utica i Esqu\u00ed N\u00e0utic<\/li>\n<li>ESCOLA DE MOTON\u00c0UTICA PLATJA DE FENALS Platja de Fenals de Lloret de Mar 17310 Lloret de Mar Moton\u00e0utica<\/li>\n<li>ESCOLA DE PESCA MARE NOSTRUM Llebeig 28 17130 L&#8217;Escala Pesca esportiva<\/li>\n<li>ESCOLA DE PIRAG\u00dcISME DE LLAN\u00c7\u00c0 SK -KAYAK Dom\u00e8nec Rodil, 8 17600 Figueres Pirag\u00fcisme<\/li>\n<li>Escola de Vela Club N\u00e0utic Tamariu Passeig del Mar 11 17212-Tamariu Vela lleugera<\/li>\n<li>ESCOLA DE VELA FLUVI\u00c0 LA GOLA Sant Pere Pescador (desembocadura Fluvi\u00e0) 17470 Sant Pere Pescador Vela lleugera<\/li>\n<li>ESCOLA DE VELA LLEUGERA CLUB N\u00c0UTIC PORT D&#8217;ARO Club N\u00e0utic Port d&#8217;Aro, Av. Verona i Teruel s\/n 17250 Platja d&#8217;Aro Vela lleugera<\/li>\n<li>ESCOLA DE VELA ROSES Ports esportiu de Roses 17480 Roses Vela lleugera<\/li>\n<li>ESCOLA DEPORTIVA NAUTICA CALA LLEVADO Urb. Cala Llevado s\/n 17320 Tossa de Mar Esqu\u00ed N\u00e0utic i Vela lleugera<\/li>\n<li>ESCOLA MOTON\u00c0UTICA CALA RIELLS Av. Montg\u00f3, 10 17130 L&#8217;Escala Moton\u00e0utica<\/li>\n<li>ESCOLA MOTON\u00c0UTICA FENALS, SC C\/Enric Granados, 15 2n 17310 Lloret de mar Moton\u00e0utica<\/li>\n<li>ESCOLA MUNICIPAL DE VELA EMPURIABRAVA Platja de la descarga, Marina Empuriabrava Castell\u00f3 d&#8217;Emp\u00faries Vela lleugera<\/li>\n<li>ESCOLA N\u00c0UTICA DE PALS Ps. Abreurador 37 17256-Girona Vela lleugera<\/li>\n<li>ESCOLA N\u00c0UTICA ESPORTIVA MAR BRAVA Avda. d&#8217;Europa, 48 17490 Llan\u00e7\u00e0 Creuer<\/li>\n<li>ESCOLA N\u00c0UTICA MEDI\u00d1\u00c0 Girona (C\/Joan Maragall, 23) 17002 Girona Vela lleugera<\/li>\n<li>ESCOLA VELA LLEUGERA FOR\u00c7A 3 Sant Feliu de Gu\u00edxols (Jardins Juli Garreta) 17220 Sant Feliu de Gu\u00edxols Vela lleugera<\/li>\n<li>ESCUELA DE VELA NOREYA 2002 Platja gran de Palam\u00f3s 17230 Palam\u00f3s Vela lleugera<\/li>\n<li>FUNTASTIC EMPORD\u00c0 SC C\/Closa d&#8217;en Llop, 4 17130 L&#8217;Escala Vela lleugera i Esqui N\u00e0utic<\/li>\n<li>JET SKI LLORET Lloret de Mar (platja) 17130 Lloret de Mar Moton\u00e0utica<\/li>\n<li>JET SKI TORREVALENTINA Puig de les cadires, 1 17240 Llagostera Moton\u00e0utica<\/li>\n<li>JORGE VILAR GEIRA Platja Fenals de Lloret de Mar 17130 Lloret de Mar Moton\u00e0utica<\/li>\n<li>KAYAK CENTRE ES TRAJO Platja Lloret de Mar (costat p\u00e0rquing municipal) 17310 Lloret de Mar Pirag\u00fcisme<\/li>\n<li>KAYAKING COSTA BRAVA C\/Enric Serra, 42 17130 L&#8217;Escala Pirag\u00fcisme<\/li>\n<li>LA WIND Platja St. Pere Pescador (zona G, l\u00edmit N del C\u00e0mping Aquarius 17240 Sant Pere Pescador Vela lleugera<\/li>\n<li>MAGIC EMPORD\u00c0 SERVICIOS Y ACTIVIDADES NAUTICAS, SL Av. Canig\u00f3, 2 Urb. Bon Relax 17470 Sant Pere Pescador Esqu\u00ed N\u00e0utic<\/li>\n<li>MAR PLANA LLORET Av. Pau Casals, 35 Bx 17310 Lloret de Mar Moton\u00e0utica<\/li>\n<li>NATER SPORT CENTER LLORET DE MAR Passeig Agust\u00ed Font (al final de la riera de Lloret de Mar) 17310 Lloret de Mar Esqu\u00ed N\u00e0utic<\/li>\n<li>ONES CADAQU\u00c9S Platja d&#8217;Es Portal 17488 Cadaqu\u00e9s Vela lleugera i Pirag\u00fcisme<\/li>\n<li>ROSES STYX, SL Av. Gola de l&#8217;Estany, 29 17480 Santa Margarida Moton\u00e0utica<\/li>\n<li>SANT POL JET SKY Badia de Sant Pol 17220 Sant Feliu de Gu\u00edxols Moton\u00e0utica<\/li>\n<li>SKI BUS CENTER TORRE VALENTINA Puig Cadiretes, 1 17240 Llagostera Esqu\u00ed N\u00e0utic<\/li>\n<li>VELA SANT POL Mas Montserrat, s\/n 17243 Llambilles Vela lleugera, moton\u00e0utica i Esqu\u00ed N\u00e0utic<\/li>\n<li>WATERSPORTS Passatge de la Vinya s\/n 17134 La Tallada d&#8217;Empord\u00e0 Esqu\u00ed N\u00e0utic<\/li>\n<li>WAKEBOARD SCHOOL PALAM\u00d3S C\/Allada, 2 2on Esq. 17230 Palam\u00f3s Esqu\u00ed N\u00e0utic<\/li>\n<li>WIND STATION Platja de St. Pere Pescador (l\u00edmit nord del c\u00e0mping Aquarius) 17470 St. Pere Pescador Vela lleugera<\/li>\n<li>WINDSURFING CENTER PORT DE LA SELVA Platja del Port de la Selva 17489 El Port de la Selva Vela lleugera<\/li>\n<li>WINSURFING CENTER LLAN\u00c7\u00c0 Platja del Port de Llan\u00e7a 17490 Llan\u00e7\u00e0 Vela lleugera<\/li>\n<\/ul>\n<\/li>\n<\/ul><ul>\n<li>Tarragona\n<ul>\n<li>ESCOLA DE MOTON\u00c0UTICA TOTFUN DE SEGUR DE CALAFELL Platja de Segur de Calafell, al costat del port esportiu 43882 Segur de Calafell Moton\u00e0utica<\/li>\n<li>ESCOLA DE PESCA DE TARRAGONA Passatge Xavier Montsalvatge 7, 9e 5a 43004 Tarragona Pesca esportiva<\/li>\n<li>ESCOLA DE PESCA TRADICIONAL DEL DELTA DE L&#8217;EBRE Carrer Sant Roc, 68 43580 Deltebre Pesca esportiva<\/li>\n<li>ESCUELA DE VELA DE CRUCERO CAMBRILS PORTA DEL MAR Consolat de Mar 4, 2n 43850-Cambrils Vela de Creuer<\/li>\n<li>WIND CAT SCHOOL BAR\u00c0 Port Esportiu Pla\u00e7a del Mediterrani, s\/n 43883 Roda de Bar\u00e0 Vela lleugera<\/li>\n<li>ESCOLA WIND CAT HOUSE Platja de Calafell, enfront Passeig Mar\u00edtim, 130 43820 Calafell Vela lleugera<\/li>\n<li>FATKAT WAKEBOARDING Cambrils (C\/Metal\u00b7l\u00fargia 6-B) 43850 Cambrils Esqu\u00ed N\u00e0utic<\/li>\n<li>KAYAK K-1 Platja de l&#8217;Alguer i Cala de Sant Jordi 43860-L&#8217;Ametlla de Mar Pirag\u00fcisme de Mar<\/li>\n<li>MESTRAL KITESURF Platja del Trabucador 43540 Sant Carles de la R\u00e0pita Vela Lleugera<\/li>\n<li>MOTO MAR Platjes de Llevant, Ponent i Capellans, a Salou 43840 Salou Moton\u00e0utica<\/li>\n<li>MOTO MAR ESQU\u00cd Platjes de Llevant, Ponent i Capellans, a Salou 43840 Salou Esqu\u00ed N\u00e0utic<\/li>\n<li>MUCHOKITE KITEBOARDING SCHOOL Platja del Trabucador 43540 Sant Carles de la R\u00e0pita Vela lleugera<\/li>\n<li>NATURAL KITE Platja del Trabucador 43540 Sant Carles de la R\u00e0pita Vela lleugera<\/li>\n<li>RADICALSURFEX Platja del Trabucador 43540 Sant Carles de la R\u00e0pita Vela lleugera<\/li>\n<li>SEACARD ESQU\u00cd N\u00c1UTICO Pilons i platja de llevant de Salou 43840 Salou Esqu\u00ed N\u00e0utic<\/li>\n<li>SEACARD VELA LIGERA Pilons i platja de llevant de Salou 43840 Salou Vela lleugera<\/li>\n<li>WINDCAMBRILS ESQU\u00cd N\u00c1UTICO Platja Torre de l&#8217;Esquirol 43850 Cambrils Vela lleugera<\/li>\n<li>WINDCAMBRILS PIRAGUISMO Platja Torre de l&#8217;Esquirol 43850 Cambrils Pirag\u00fcisme<\/li>\n<li>WINDCAMBRILS VELA LIGERA Platja Torre de l&#8217;Esquirol 43850 Cambrils Vela lleugera<\/li>\n<li>XTREMSPOTS Platja del Trabucador 43540 Sant Carles de la R\u00e0pita Vela lleugera<\/li>\n<\/ul>\n<\/li>\n<\/ul><\/li><li>Generalitat Valenciana: Gestionado por Departamento de Infraestructuras y Transportes &gt; Actividades Na\u00faticas:<br><a href=\"\/nautica\/wp-content\/uploads\/2012\/09\/listadoAcademiasValencia2012.pdf\" target=\"_blank\" rel=\"noopener\">Listado de Academias Na\u00faticas de la Generalitat Valenciana (2012)<\/a><\/li><li>Pais Vasco: Gestionado por la COnsejer\u00eda de Medio Ambiente, Planificaci\u00f3n Territorial, Agricultura y Pesca: <a href=\"\/nautica\/wp-content\/uploads\/2012\/09\/listadoAcademiasPaisVasco2012.pdf\" target=\"_blank\" rel=\"noopener\">Listado de Academias Na\u00faticas del Pais Vasco (2012)<\/a><\/li><\/ul>\n","protected":false},"excerpt":{"rendered":"<p>Para prepararte el examen, puedes hacerlo t\u00fa solo, si tienes una base &#8220;matem\u00e1tica\/f\u00edsica&#8221; para entender los ejercicios de carta, el resto es estudiar. Ayuda mucho si has navegado con alguien que te haya explicado y has visto como atracar, como engancharse a una boya, como manejar las velas, etc, &#8230;&#8230; <a href=\"https:\/\/www.almik.com\/nautica\/el-examen\/preparacionexamen-per\/\" class=\"readmore\">Read more<span class=\"screen-reader-text\">&#8220;Preparaci\u00f3n del examen&#8221;<\/span><\/a><\/p>\n","protected":false},"author":1,"featured_media":0,"parent":148,"menu_order":0,"comment_status":"open","ping_status":"closed","template":"","meta":{"footnotes":""},"class_list":["post-14","page","type-page","status-publish","hentry"],"_links":{"self":[{"href":"https:\/\/www.almik.com\/nautica\/wp-json\/wp\/v2\/pages\/14","targetHints":{"allow":["GET"]}}],"collection":[{"href":"https:\/\/www.almik.com\/nautica\/wp-json\/wp\/v2\/pages"}],"about":[{"href":"https:\/\/www.almik.com\/nautica\/wp-json\/wp\/v2\/types\/page"}],"author":[{"embeddable":true,"href":"https:\/\/www.almik.com\/nautica\/wp-json\/wp\/v2\/users\/1"}],"replies":[{"embeddable":true,"href":"https:\/\/www.almik.com\/nautica\/wp-json\/wp\/v2\/comments?post=14"}],"version-history":[{"count":44,"href":"https:\/\/www.almik.com\/nautica\/wp-json\/wp\/v2\/pages\/14\/revisions"}],"predecessor-version":[{"id":1452,"href":"https:\/\/www.almik.com\/nautica\/wp-json\/wp\/v2\/pages\/14\/revisions\/1452"}],"up":[{"embeddable":true,"href":"https:\/\/www.almik.com\/nautica\/wp-json\/wp\/v2\/pages\/148"}],"wp:attachment":[{"href":"https:\/\/www.almik.com\/nautica\/wp-json\/wp\/v2\/media?parent=14"}],"curies":[{"name":"wp","href":"https:\/\/api.w.org\/{rel}","templated":true}]}}