{"id":1119,"date":"2014-11-25T23:46:10","date_gmt":"2014-11-25T22:46:10","guid":{"rendered":"http:\/\/www.almik.com\/nautica\/?page_id=1119"},"modified":"2020-10-01T19:59:24","modified_gmt":"2020-10-01T17:59:24","slug":"preguntas-sobre-el-per","status":"publish","type":"page","link":"https:\/\/www.almik.com\/nautica\/titulo-per\/preguntas-sobre-el-per\/","title":{"rendered":"Preguntas sobre el PER"},"content":{"rendered":"\n<p><\/p>\n\n\n\n<p><strong>\u00bfCon qu\u00e9 edad puedo acceder al t\u00edtulo?<\/strong><br>Para obtener el t\u00edtulo del PER el interesado deber\u00e1 tener cumplidos 18 a\u00f1os de edad en el momento en el que realice las pruebas para la obtenci\u00f3n de \u00e9stos. Los menores de edad que hayan cumplido 16 a\u00f1os en el momento de la realizaci\u00f3n de las pruebas podr\u00e1n obtener la licencia de navegaci\u00f3n y el t\u00edtulo de patr\u00f3n para navegaci\u00f3n b\u00e1sica, siempre que acrediten, mediante su presentaci\u00f3n por escrito, el consentimiento de sus padres o tutores.<\/p>\n\n\n\n<p><strong>\u00bfC\u00faales son los t\u00edtulos y licencia de recreo?<\/strong><br>a) Capit\u00e1n de yate.<br>b) Patr\u00f3n de yate.<br>c) Patr\u00f3n de embarcaci\u00f3n de recreo.<br>d) Patr\u00f3n para la navegaci\u00f3n b\u00e1sica.<br>e) Licencia de navegaci\u00f3n.<br>La licencia de navegaci\u00f3n y los t\u00edtulos de patr\u00f3n para navegaci\u00f3n b\u00e1sica y patr\u00f3n de embarcaciones de recreo se podr\u00e1n obtener de forma directa. Sin embargo para la obtenci\u00f3n de los t\u00edtulos de patr\u00f3n de yate y capit\u00e1n de yate ser\u00e1 necesario estar en posesi\u00f3n del t\u00edtulo inmediatamente inferior.<\/p>\n\n\n\n<p><strong>\u00bfCu\u00e1les son las condiciones para la obtenci\u00f3n del t\u00edtulo?<\/strong><br>Para obtener el t\u00edtulo de patr\u00f3n de embarcaciones de recreo a motor es necesario:<\/p>\n\n\n\n<p>a)Superar un examen te\u00f3rico<br>b) Solicitud cumplimentada..<br>c) Abono de las <a href=\"http:\/\/apps.fomento.gob.es\/Titulaciones\/Tasas.aspx?TipoTitulacion=R\">tasas en vigor<\/a> en el momento de la solicitud.<br>d) Informe de aptitud psicof\u00edsica en vigor de acuerdo a lo especificado en el art\u00edculo 21 del Real Decreto 875\/2014.<\/p>\n\n\n\n<p><strong>\u00bfQui\u00e9n realiza los examenes?<\/strong><br>Los ex\u00e1menes te\u00f3ricos los realizan la <a href=\"http:\/\/www.fomento.gob.es\/MFOM\/LANG_CASTELLANO\/DIRECCIONES_GENERALES\/MARINA_MERCANTE\/NAUTICA_DE_RECREO\/\" target=\"_blank\" rel=\"noopener noreferrer\">Direcci\u00f3n General de la Marina Mercante<\/a> o las Comunidades Aut\u00f3nomas que hayan asumido estas competencias (<a title=\"Pa\u00eds Vasco\" href=\"http:\/\/www.nasdap.ejgv.euskadi.net\/r50-3812\/es\/contenidos\/informacion\/titulaciones_pesca\/es_7649\/deportivas_index.html\" target=\"_blank\" rel=\"noopener noreferrer\">Pa\u00eds Vasco<\/a>, <a title=\"Cantabria\" href=\"http:\/\/www.cantabria.es\/\" target=\"_blank\" rel=\"noopener noreferrer\">Cantabria<\/a>, <a title=\"Asturias\" href=\"http:\/\/tematico.asturias.es\/dgpesca\/din\/titulos.php?tipo=deportivas\" target=\"_blank\" rel=\"noopener noreferrer\">Asturias<\/a>, <a title=\"Galicia\" href=\"http:\/\/www.pescadegalicia.com\/\" target=\"_blank\" rel=\"noopener noreferrer\">Galicia<\/a>, <a title=\"Junta de Andaluc\u00eda\" href=\"http:\/\/www.juntadeandalucia.es\/turismocomercioydeporte\/iad\" target=\"_blank\" rel=\"noopener noreferrer\">Andaluc\u00eda<\/a>, <a title=\"Murcia\" href=\"http:\/\/www.carm.es\/op\/\" target=\"_blank\" rel=\"noopener noreferrer\">Murcia<\/a>, <a title=\"Comunidad Valenciana\" href=\"http:\/\/www.gva.es\" target=\"_blank\" rel=\"noopener noreferrer\">Valencia<\/a>, <a title=\"Generalitat Catalana\" href=\"http:\/\/www.gencat.cat\" target=\"_blank\" rel=\"noopener noreferrer\">Catalu\u00f1a<\/a>, <a title=\"Baleares\" href=\"http:\/\/www.caib.es\/govern\/tramites.do?coduo=138143\" target=\"_blank\" rel=\"noopener noreferrer\">Baleares<\/a>, <a title=\"Canarias\" href=\"http:\/\/www.gobiernodecanarias.org\/agricultura\/pesca\/licencias_titulaciones\/carnets.htm\" target=\"_blank\" rel=\"noopener noreferrer\">Canarias <\/a>, <a title=\"Ceuta\" href=\"http:\/\/www.ceuta.es\/icd\/\" target=\"_blank\" rel=\"noopener noreferrer\">Ceuta <\/a>y <a title=\"Melilla\" href=\"http:\/\/www.melilla.es\/melillaPortal\/lacc_d3_v1.jsp?codMenu=11&amp;language=es\" target=\"_blank\" rel=\"noopener noreferrer\">Melilla<\/a>)<\/p>\n\n\n\n<p><strong>\u00bfQui\u00e9n emite los t\u00edtulos na\u00faticos?<\/strong><br>Las titulaciones de recreo son emitidas por la Direcci\u00f3n General de la Marina Mercante o las Comunidades Aut\u00f3nomas que hayan asumido estas competencias (antes mencionadas)<\/p>\n\n\n\n<p><strong>\u00bfQu\u00e9 documentaci\u00f3n se necesita para poder presentarse a los ex\u00e1menes?<\/strong><br>La documentaci\u00f3n com\u00fan requerida para presentarse a los ex\u00e1menes es la siguiente:<\/p>\n\n\n\n<ul class=\"wp-block-list\"><li>Abono de <a href=\"http:\/\/apps.fomento.gob.es\/Titulaciones\/Tasas.aspx?TipoTitulacion=R\">tasas correspondientes al a\u00f1o en curso<\/a>: Entre 35EUR y 60EUR dependiendo de si convoca la Direcci\u00f3n General de la Marina Mercante o las Comunidades Aut\u00f3noma<\/li><li>Presentaci\u00f3n de la solicitud de examen dentro del plazo h\u00e1bil correspondiente. La presentaci\u00f3n del propio justificante de pago de la tasa, sellado por la entidad bancaria, servir\u00e1 como solicitud de examen, en cuyo caso deber\u00e1 especificarse la convocatoria a la que se presenta el interesado.<\/li><li>Fotocopia del DNI (No ser\u00e1 necesario para aquellas matriculaciones hechas por medios telem\u00e1ticos).<\/li><\/ul>\n\n\n\n<p><strong>\u00bfQu\u00e9 tiempo tengo para hacer las pr\u00e1cticas de Seguridad y Navegaci\u00f3n desde que he aprobado el examen te\u00f3rico?<\/strong><br>Dieciocho meses desde la fecha del examen.<\/p>\n\n\n\n<p><strong>\u00bfQu\u00e9 documentaci\u00f3n se necesita para solicitar un t\u00edtulo?<\/strong><br>La documentaci\u00f3n com\u00fan requerida para solicitar el P.E.R. es la siguiente:<\/p>\n\n\n\n<ul class=\"wp-block-list\"><li>Solicitud cumplimentada.<\/li><li>Dos fotograf\u00edas, tama\u00f1o DNI, de frente y con la cabeza descubierta y sin gafas oscuras.<\/li><li>Abono de las tasas en vigor en el momento de la solicitud.<\/li><li>Examen te\u00f3rico aprobado<\/li><li>Pr\u00e1cticas b\u00e1sicas de seguridad y navegaci\u00f3n, radiocomunicaciones y vela (en el supuesto de querer la habilitaci\u00f3n a vela), o en su lugar, el examen pr\u00e1ctico.<\/li><\/ul>\n\n\n\n<p><strong>\u00bfD\u00f3nde se presenta la documentaci\u00f3n para presentarse al examen?<\/strong><br><a rel=\"noopener noreferrer\" href=\"http:\/\/www.fomento.gob.es\/MFOM\/LANG_CASTELLANO\/DIRECCIONES_GENERALES\/MARINA_MERCANTE\/TITULACIONES\/Tramites.htm\" target=\"_blank\">V\u00eda telem\u00e1tica (para Madrid)<\/a> o personalmente (puede ser otra persona pero tendr\u00e1 que llevar original\/fotocopia con autorizaci\u00f3n firmada) en las <a rel=\"noopener noreferrer\" href=\"http:\/\/www.fomento.gob.es\/MFOM\/LANG_CASTELLANO\/ATENCION_CIUDADANO\/ASISTENCIA_CIUDADANOS\/MARINA_MERCANTE\/capitaniaPrimeraCategoria\/\" target=\"_blank\">Capi<\/a><a rel=\"noreferrer noopener\" href=\"https:\/\/www.mitma.gob.es\/marina-mercante\/capitanias-maritimas\/capitanias-maritimas-y-distritos-maritimos\/\" data-type=\"URL\" data-id=\"https:\/\/www.mitma.gob.es\/marina-mercante\/capitanias-maritimas\/capitanias-maritimas-y-distritos-maritimos\/\" target=\"_blank\">tan\u00edas Mar\u00edtimas<\/a><a rel=\"noopener noreferrer\" href=\"http:\/\/www.fomento.gob.es\/MFOM\/LANG_CASTELLANO\/ATENCION_CIUDADANO\/ASISTENCIA_CIUDADANOS\/MARINA_MERCANTE\/capitaniaPrimeraCategoria\/\" target=\"_blank\"> <\/a> o en los <a rel=\"noreferrer noopener\" href=\"https:\/\/www.mitma.gob.es\/marina-mercante\/contacte-con-fomento\/marina\" target=\"_blank\">Servicios Centrales de la Direcci\u00f3n General de la Marina Mercante (Madrid)<\/a> en la calle Ruiz de Alarc\u00f3n, 1, 28071.<br>Casi todas las Comunidades aut\u00f3nomas que hayan asumido estas competencias proporcionan la posibilidad de presentar la documentaci\u00f3n v\u00eda telem\u00e1tica (ver webs indicadas en la pregunta <\/p>\n\n\n\n<p><strong>\u00bfCu\u00e1ndo se renuevan las tarjetas de recreo y qu\u00e9 documentaci\u00f3n hay que presentar?<\/strong><br>Las tarjetas de recreo se renuevan cada 10 a\u00f1os, salvo los mayores de 70 a\u00f1os que las renovar\u00e1n cada dos a\u00f1os.<\/p>\n\n\n\n<p><strong>\u00bfQu\u00e9 otras p\u00e1ginas oficiales puedo visitar?<\/strong><br><a href=\"http:\/\/www.salvamentomaritimo.es\/\" target=\"_blank\" rel=\"noopener noreferrer\">Salvamento Mar\u00edtimo<\/a><br><a href=\"http:\/\/www.seguridadnautica.es\/\" target=\"_blank\" rel=\"noopener noreferrer\">Seguridad Na\u00fatica<\/a><br><a href=\"http:\/\/www.fomento.gob.es\/MFOM\/LANG_CASTELLANO\/DIRECCIONES_GENERALES\/MARINA_MERCANTE\/NAUTICA_DE_RECREO\/Responsabilidades\/Comunicaciones_maritimas\/\" target=\"_blank\" rel=\"noopener noreferrer\">Normas de seguridad y recomendaciones<\/a><\/p>\n","protected":false},"excerpt":{"rendered":"<p>\u00bfCon qu\u00e9 edad puedo acceder al t\u00edtulo?Para obtener el t\u00edtulo del PER el interesado deber\u00e1 tener cumplidos 18 a\u00f1os de edad en el momento en el que realice las pruebas para la obtenci\u00f3n de \u00e9stos. Los menores de edad que hayan cumplido 16 a\u00f1os en el momento de la realizaci\u00f3n&#8230; <a href=\"https:\/\/www.almik.com\/nautica\/titulo-per\/preguntas-sobre-el-per\/\" class=\"readmore\">Read more<span class=\"screen-reader-text\">&#8220;Preguntas sobre el PER&#8221;<\/span><\/a><\/p>\n","protected":false},"author":1,"featured_media":0,"parent":4,"menu_order":0,"comment_status":"open","ping_status":"open","template":"","meta":{"footnotes":""},"class_list":["post-1119","page","type-page","status-publish","hentry"],"_links":{"self":[{"href":"https:\/\/www.almik.com\/nautica\/wp-json\/wp\/v2\/pages\/1119","targetHints":{"allow":["GET"]}}],"collection":[{"href":"https:\/\/www.almik.com\/nautica\/wp-json\/wp\/v2\/pages"}],"about":[{"href":"https:\/\/www.almik.com\/nautica\/wp-json\/wp\/v2\/types\/page"}],"author":[{"embeddable":true,"href":"https:\/\/www.almik.com\/nautica\/wp-json\/wp\/v2\/users\/1"}],"replies":[{"embeddable":true,"href":"https:\/\/www.almik.com\/nautica\/wp-json\/wp\/v2\/comments?post=1119"}],"version-history":[{"count":22,"href":"https:\/\/www.almik.com\/nautica\/wp-json\/wp\/v2\/pages\/1119\/revisions"}],"predecessor-version":[{"id":1362,"href":"https:\/\/www.almik.com\/nautica\/wp-json\/wp\/v2\/pages\/1119\/revisions\/1362"}],"up":[{"embeddable":true,"href":"https:\/\/www.almik.com\/nautica\/wp-json\/wp\/v2\/pages\/4"}],"wp:attachment":[{"href":"https:\/\/www.almik.com\/nautica\/wp-json\/wp\/v2\/media?parent=1119"}],"curies":[{"name":"wp","href":"https:\/\/api.w.org\/{rel}","templated":true}]}}