{"id":101,"date":"2012-12-06T22:20:20","date_gmt":"2012-12-06T21:20:20","guid":{"rendered":"http:\/\/www.almik.com\/nautica\/?page_id=101"},"modified":"2014-12-05T19:09:24","modified_gmt":"2014-12-05T18:09:24","slug":"practicas-del-p-e-r","status":"publish","type":"page","link":"https:\/\/www.almik.com\/nautica\/practicas-del-p-e-r\/","title":{"rendered":"Pr\u00e1cticas del P.E.R"},"content":{"rendered":"A excepci\u00f3n de las pr\u00e1cticas de seguridad y navegaci\u00f3n para la obtenci\u00f3n de la licencia de navegaci\u00f3n y el t\u00edtulo de patr\u00f3n para navegaci\u00f3n b\u00e1sica, as\u00ed como las pr\u00e1cticas complementarias de vela, que podr\u00e1n realizarse en aguas interiores, las pr\u00e1cticas reglamentarias se desarrollar\u00e1n siempre en aguas mar\u00edtimas.\r\n\r\nLas pr\u00e1cticas obligatorias para la obtenci\u00f3n del PER son:\r\n<ul>\r\n\t<li>Pr\u00e1cticas reglamentarias b\u00e1sicas de seguridad y navegaci\u00f3n: Se realizar\u00e1n en una sesi\u00f3n y en r\u00e9gimen de traves\u00eda. Duraci\u00f3n m\u00ednima de 16 horas, de las cuales, al menos 4 horas ser\u00e1n de navegaci\u00f3n nocturna. Si se combinan con las pr\u00e1cticas reglamentarias de navegaci\u00f3n a vela, la duraci\u00f3n m\u00ednima ser\u00e1 de 48 horas, con 8 de navegaci\u00f3n nocturna.\r\nLas pr\u00e1cticas reglamentarias de navegaci\u00f3n a vela no ser\u00e1n obligatorias para la obtenci\u00f3n del PER, pero su realizaci\u00f3n y superaci\u00f3n ser\u00e1 obligatoria para obtener las atribuciones complementarias de vela. De realizarse\r\nde forma independiente, se har\u00e1n en r\u00e9gimen de singladura (respetando los tiempos establecidos de m\u00e1ximo por d\u00eda y horas de descanso), siendo su duraci\u00f3n m\u00ednima de 16 horas. \r\nPara la realizaci\u00f3n de las pr\u00e1cticas de seguridad y navegaci\u00f3n de patr\u00f3n de embarcaciones de recreo, no se podr\u00e1n formar grupos mixtos compuestos por aspirantes a otras titulaciones.\r\n<\/li>\r\n\t<li>Curso de Radio-operador de corto alcance: Duraci\u00f3n m\u00ednima de 12 horas, de las cuales, al menos 8 horas de pr\u00e1cticas. Los cursos de formaci\u00f3n de radio-operador de corto alcance, se realizar\u00e1n en r\u00e9gimen de formaci\u00f3n acad\u00e9mica, pudiendo realizarse en tantas sesiones de formaci\u00f3n como la escuela n\u00e1utica de recreo considere oportunas.<\/li>\r\n<\/ul>\r\n\r\nLas pr\u00e1cticas se deben realizar en un tiempo no superior a 18 meses despu\u00e9s de haber aprobado el examen te\u00f3rico. En Madrid, las pr\u00e1cticas para embarcaciones de recreo se pueden hacer en las siguientes Escuelas ordenadas alfab\u00e9ticamente:\r\n<ul>\r\n\r\n\t<li>AVANTE; Las pr\u00e1cticas de seguridad y navegaci\u00f3n se hacen en el Pantano de San Juan.<\/li>\r\n\t<li>CEN\u00c1UTICA; Las pr\u00e1cticas de seguridad y navegaci\u00f3n se hacen en el Pantano de San Juan.<\/li>\r\n\t<li>CH\u00c1RTER Y PR\u00c1CTICAS N\u00c1UTICAS, S.L.; Las pr\u00e1cticas de seguridad y navegaci\u00f3n se hacen en el Pantano de Entrepe\u00f1as (Saced\u00f3n).<\/li>\r\n\t<li>DORAMAS; Las pr\u00e1cticas de seguridad y navegaci\u00f3n se hacen en el Pantano de San Juan.<\/li>\r\n\t<li>ELCANO; Las pr\u00e1cticas de seguridad y navegaci\u00f3n se hacen en el Pantano de San Juan (Madrid) y en el Pantano de Entrepe\u00f1as (Saced\u00f3n).<\/li>\r\n\t<li>NAUTIMAR; Las pr\u00e1cticas de seguridad y navegaci\u00f3n se hacen en el Pantano de San Juan.<\/li>\r\n\t<li>NAVEGAENMADRID.COM; Las pr\u00e1cticas de seguridad y navegaci\u00f3n se hacen en el Pantano de San Juan.<\/li>\r\n<\/ul>\r\n\r\n\r\n\r\nNo obstante, las pr\u00e1cticas b\u00e1sicas de seguridad y navegaci\u00f3n tambi\u00e9n se pueden hacer en Escuelas homologadas por Comunidades Aut\u00f3nomas. En este caso, en la solicitud de expedici\u00f3n del t\u00edtulo ante la Direcci\u00f3n General de la Marina Mercante, los certificados de pr\u00e1cticas b\u00e1sicas de seguridad y navegaci\u00f3n deber\u00e1n estar firmados y sellados por la correspondiente Comunidad Aut\u00f3noma.","protected":false},"excerpt":{"rendered":"<p>A excepci\u00f3n de las pr\u00e1cticas de seguridad y navegaci\u00f3n para la obtenci\u00f3n de la licencia de navegaci\u00f3n y el t\u00edtulo de patr\u00f3n para navegaci\u00f3n b\u00e1sica, as\u00ed como las pr\u00e1cticas complementarias de vela, que podr\u00e1n realizarse en aguas interiores, las pr\u00e1cticas reglamentarias se desarrollar\u00e1n siempre en aguas mar\u00edtimas. Las pr\u00e1cticas obligatorias&#8230; <a href=\"https:\/\/www.almik.com\/nautica\/practicas-del-p-e-r\/\" class=\"readmore\">Read more<span class=\"screen-reader-text\">&#8220;Pr\u00e1cticas del P.E.R&#8221;<\/span><\/a><\/p>\n","protected":false},"author":1,"featured_media":0,"parent":0,"menu_order":0,"comment_status":"open","ping_status":"closed","template":"","meta":{"footnotes":""},"class_list":["post-101","page","type-page","status-publish","hentry"],"_links":{"self":[{"href":"https:\/\/www.almik.com\/nautica\/wp-json\/wp\/v2\/pages\/101","targetHints":{"allow":["GET"]}}],"collection":[{"href":"https:\/\/www.almik.com\/nautica\/wp-json\/wp\/v2\/pages"}],"about":[{"href":"https:\/\/www.almik.com\/nautica\/wp-json\/wp\/v2\/types\/page"}],"author":[{"embeddable":true,"href":"https:\/\/www.almik.com\/nautica\/wp-json\/wp\/v2\/users\/1"}],"replies":[{"embeddable":true,"href":"https:\/\/www.almik.com\/nautica\/wp-json\/wp\/v2\/comments?post=101"}],"version-history":[{"count":14,"href":"https:\/\/www.almik.com\/nautica\/wp-json\/wp\/v2\/pages\/101\/revisions"}],"predecessor-version":[{"id":1223,"href":"https:\/\/www.almik.com\/nautica\/wp-json\/wp\/v2\/pages\/101\/revisions\/1223"}],"wp:attachment":[{"href":"https:\/\/www.almik.com\/nautica\/wp-json\/wp\/v2\/media?parent=101"}],"curies":[{"name":"wp","href":"https:\/\/api.w.org\/{rel}","templated":true}]}}